{"id":19278,"date":"2017-05-08T15:43:34","date_gmt":"2017-05-08T12:43:34","guid":{"rendered":"https:\/\/www.pima-alarms.com\/categories\/"},"modified":"2019-11-19T17:35:08","modified_gmt":"2019-11-19T15:35:08","slug":"categorias","status":"publish","type":"page","link":"https:\/\/www.pima-alarms.com\/es\/categorias\/","title":{"rendered":"Categor\u00edas"},"content":{"rendered":"<section class=\"section swatch-white categories-section section-text-no-shadow section-inner-no-shadow section-normal section-opaque\"  data-label=\"\">\n    \n    <div class=\"background-overlay grid-overlay-10 \" style=\"background-color: rgba(0,0,0,0);\"><\/div>\n\n    <div class=\"container\">\n        <div class=\"row vertical-top\">\n            <div class=\"col-md-6     text-default small-screen-default\"  ><div class=\"figure  element-medium-top element-no-bottom image-filter-none image-filter-onhover fade-none text-center figcaption-middle fullwidth\" data-os-animation=\"none\" data-os-animation-delay=\"0s\">\n            <span class=\"figure-image\">\n    \n    <img decoding=\"async\" src=\"https:\/\/www.pima-alarms.com\/wp-content\/uploads\/force-composition_eng-400x300.png\"   class=\"fullwidth\" \/>    \n            <\/span>\n    \n<\/div><\/div><div class=\"col-md-6    small-screen-center text-left small-screen-default\"  ><header class=\"text-default  element-tall-top element-no-bottom not-condensed\" data-os-animation=\"none\" data-os-animation-delay=\"0s\" >\n    <h2 class=\"bigger hairline bordered bordered-normal\" >\n        Sistemas de alarma    <\/h2>\n            <p class=\"lead\" >La amplia gama de robustos sistemas de alarma cableados e h\u00edbridos de PIMA proporciona soluciones \u00f3ptimas en seguridad para instalaciones residenciales y comerciales.<\/p>\n    <\/header>\n<a href=\"https:\/\/www.pima-alarms.com\/es\/oxy_portfolio_categories\/sistemas-de-alarma\/\" class=\"btn btn-primary btn-lg    element-no-top element-short-bottom os-animation\" target= \"_self\" data-os-animation=\"fadeIn\" data-os-animation-delay=\"0s \"  >\n\tM\u00e1s Informaci\u00f3n \t<\/a>\n<\/div>        <\/div>\n    <\/div>\n<\/section>\n<section class=\"section swatch-white categories-section section-text-no-shadow section-inner-no-shadow section-normal section-opaque\"  data-label=\"\">\n    \n    <div class=\"background-overlay grid-overlay-0 \" style=\"background-color: rgba(0,0,0,0);\"><\/div>\n\n    <div class=\"container\">\n        <div class=\"row vertical-top\">\n            <div class=\"col-md-6    small-screen-center text-left small-screen-Default\"  ><header class=\"text-left  element-tall-top element-no-bottom not-condensed\" data-os-animation=\"none\" data-os-animation-delay=\"0s\" >\n    <h2 class=\"bigger hairline bordered bordered-normal\" >\n        Teclados    <\/h2>\n            <p class=\"lead\" >Desarrollados espec\u00edficamente para brindarle una mayor comodidad al usuario, nuestra amplia selecci\u00f3n de teclados permiten una interfaz suave con nuestros paneles de control. Sus caracter\u00edsticas \u00fanicas garantizan una instalaci\u00f3n f\u00e1cil, r\u00e1pida y un funcionamiento adecuado y continuo.<\/p>\n    <\/header>\n<a href=\"https:\/\/www.pima-alarms.com\/es\/oxy_portfolio_categories\/teclados\/\" class=\"btn btn-primary btn-lg    element-no-top element-short-bottom os-animation\" target= \"_self\" data-os-animation=\"fadeIn\" data-os-animation-delay=\"0s \"  >\n\tM\u00e1s Informaci\u00f3n \t<\/a>\n<\/div><div class=\"col-md-6     text-default small-screen-default\"  ><div class=\"figure  element-medium-top element-no-bottom image-filter-none image-filter-onhover fade-none text-center figcaption-middle fullwidth\" data-os-animation=\"none\" data-os-animation-delay=\"0.5s\">\n            <span class=\"figure-image\">\n    \n    <img decoding=\"async\" src=\"\"   class=\"fullwidth\" \/>    \n            <\/span>\n    \n<\/div><\/div>        <\/div>\n    <\/div>\n<\/section>\n<section class=\"section swatch-white categories-section section-text-no-shadow section-inner-no-shadow section-normal section-opaque\"  data-label=\"\">\n    \n    <div class=\"background-overlay grid-overlay-10 \" style=\"background-color: rgba(0,0,0,0);\"><\/div>\n\n    <div class=\"container\">\n        <div class=\"row vertical-top\">\n            <div class=\"col-md-6     text-default small-screen-default\"  ><div class=\"figure  element-medium-top element-no-bottom image-filter-none image-filter-onhover fade-none text-center figcaption-middle fullwidth\" data-os-animation=\"none\" data-os-animation-delay=\"0s\">\n            <span class=\"figure-image\">\n    \n    <img decoding=\"async\" src=\"https:\/\/www.pima-alarms.com\/wp-content\/uploads\/Peripherals-PNG.png\"   class=\"fullwidth\" \/>    \n            <\/span>\n    \n<\/div><\/div><div class=\"col-md-6    small-screen-center text-left small-screen-default\"  ><header class=\"text-left  element-tall-top element-no-bottom not-condensed\" data-os-animation=\"none\" data-os-animation-delay=\"0s\" >\n    <h2 class=\"bigger hairline bordered bordered-normal\" >\n        Dispositivos Perif\u00e9ricos    <\/h2>\n            <p class=\"lead\" >La amplia gama de dispositivos perif\u00e9ricos cableados e inal\u00e1mbricos de alta calidad de PIMA ofrecen un alto rendimiento y un dise\u00f1o superior, convirti\u00e9ndolos en la opci\u00f3n ideal para cualquier constelaci\u00f3n de seguridad. Todos los dispositivos perif\u00e9ricos se pueden integrar f\u00e1cilmente con los sistemas de alarma contra intrusi\u00f3n de PIMA.<\/p>\n    <\/header>\n<a href=\"https:\/\/www.pima-alarms.com\/es\/oxy_portfolio_categories\/dispositivos-perifericos\/\" class=\"btn btn-primary btn-lg    element-no-top element-short-bottom os-animation\" target= \"_self\" data-os-animation=\"fadeIn\" data-os-animation-delay=\"0s \"  >\n\tM\u00e1s Informaci\u00f3n \t<\/a>\n<\/div>        <\/div>\n    <\/div>\n<\/section>\n<section class=\"section swatch-white categories-section section-text-no-shadow section-inner-no-shadow section-normal section-opaque\"  data-label=\"\">\n    \n    <div class=\"background-overlay grid-overlay-0 \" style=\"background-color: rgba(0,0,0,0);\"><\/div>\n\n    <div class=\"container\">\n        <div class=\"row vertical-top\">\n            <div class=\"col-md-6     text-left small-screen-default\"  ><header class=\"text-left  element-tall-top element-no-bottom not-condensed\" data-os-animation=\"none\" data-os-animation-delay=\"0s\" >\n    <h2 class=\"bigger hairline bordered bordered-normal\" >\n        Estaciones de Monitoreo    <\/h2>\n            <p class=\"lead\" >Las soluciones de PIMA para Estaciones Centrales de Monitoreo (ECM) permiten una operaci\u00f3n eficiente y rentable para los servicios de monitoreo, integr\u00e1ndose a la perfecci\u00f3n con los sistemas de alarma PIMA. Los avanzados receptores, los repetidores y las herramientas de configuraci\u00f3n, permiten que el personal de las ECM se comunique de forma segura con los sistemas PIMA y los configure de forma remota.<\/p>\n    <\/header>\n<a href=\"https:\/\/www.pima-alarms.com\/es\/oxy_portfolio_categories\/monitoring-stations-solutions-es\/\" class=\"btn btn-primary btn-lg    element-no-top element-short-bottom os-animation\" target= \"_self\" data-os-animation=\"fadeIn\" data-os-animation-delay=\"0s \"  >\n\tM\u00e1s Informaci\u00f3n \t<\/a>\n<\/div><div class=\"col-md-6    small-screen-center text-Default small-screen-default\"  ><div class=\"figure  element-medium-top element-no-bottom image-filter-none image-filter-onhover fade-none text-center figcaption-middle fullwidth\" data-os-animation=\"none\" data-os-animation-delay=\"0s\">\n            <span class=\"figure-image\">\n    \n    <img decoding=\"async\" src=\"\"   class=\"fullwidth\" \/>    \n            <\/span>\n    \n<\/div><\/div>        <\/div>\n    <\/div>\n<\/section>\n","protected":false},"excerpt":{"rendered":"Sistemas de alarma La amplia gama de robustos sistemas de alarma cableados e h\u00edbridos de PIMA proporciona soluciones \u00f3ptimas en seguridad para instalaciones residenciales y comerciales. M\u00e1s Informaci\u00f3n Teclados Desarrollados espec\u00edficamente para brindarle una mayor comodidad al usuario, nuestra amplia selecci\u00f3n de teclados permiten una interfaz suave con nuestros paneles de control. Sus caracter\u00edsticas \u00fanicas","protected":false},"author":1,"featured_media":0,"parent":0,"menu_order":96,"comment_status":"closed","ping_status":"closed","template":"","meta":{"_acf_changed":false,"footnotes":""},"class_list":["post-19278","page","type-page","status-publish","hentry"],"acf":[],"yoast_head":"<!-- This site is optimized with the Yoast SEO plugin v27.5 - https:\/\/yoast.com\/product\/yoast-seo-wordpress\/ -->\n<title>Categor\u00edas - Pima Electronic Systems<\/title>\n<meta name=\"robots\" content=\"index, follow, max-snippet:-1, max-image-preview:large, max-video-preview:-1\" \/>\n<link rel=\"canonical\" href=\"https:\/\/www.pima-alarms.com\/es\/categorias\/\" \/>\n<meta property=\"og:locale\" content=\"es_ES\" \/>\n<meta property=\"og:type\" content=\"article\" \/>\n<meta property=\"og:title\" content=\"Categor\u00edas - Pima Electronic Systems\" \/>\n<meta property=\"og:url\" content=\"https:\/\/www.pima-alarms.com\/es\/categorias\/\" \/>\n<meta property=\"og:site_name\" content=\"Pima Electronic Systems\" \/>\n<meta property=\"article:modified_time\" content=\"2019-11-19T15:35:08+00:00\" \/>\n<meta name=\"twitter:card\" content=\"summary_large_image\" \/>\n<meta name=\"twitter:label1\" content=\"Tiempo de lectura\" \/>\n\t<meta name=\"twitter:data1\" content=\"3 minutos\" \/>\n<script type=\"application\/ld+json\" class=\"yoast-schema-graph\">{\"@context\":\"https:\\\/\\\/schema.org\",\"@graph\":[{\"@type\":\"WebPage\",\"@id\":\"https:\\\/\\\/www.pima-alarms.com\\\/es\\\/categorias\\\/\",\"url\":\"https:\\\/\\\/www.pima-alarms.com\\\/es\\\/categorias\\\/\",\"name\":\"Categor\u00edas - Pima Electronic Systems\",\"isPartOf\":{\"@id\":\"https:\\\/\\\/www.pima-alarms.com\\\/es\\\/#website\"},\"datePublished\":\"2017-05-08T12:43:34+00:00\",\"dateModified\":\"2019-11-19T15:35:08+00:00\",\"breadcrumb\":{\"@id\":\"https:\\\/\\\/www.pima-alarms.com\\\/es\\\/categorias\\\/#breadcrumb\"},\"inLanguage\":\"es\",\"potentialAction\":[{\"@type\":\"ReadAction\",\"target\":[\"https:\\\/\\\/www.pima-alarms.com\\\/es\\\/categorias\\\/\"]}]},{\"@type\":\"BreadcrumbList\",\"@id\":\"https:\\\/\\\/www.pima-alarms.com\\\/es\\\/categorias\\\/#breadcrumb\",\"itemListElement\":[{\"@type\":\"ListItem\",\"position\":1,\"name\":\"Home\",\"item\":\"https:\\\/\\\/www.pima-alarms.com\\\/es\\\/\"},{\"@type\":\"ListItem\",\"position\":2,\"name\":\"Categor\u00edas\"}]},{\"@type\":\"WebSite\",\"@id\":\"https:\\\/\\\/www.pima-alarms.com\\\/es\\\/#website\",\"url\":\"https:\\\/\\\/www.pima-alarms.com\\\/es\\\/\",\"name\":\"Pima Electronic Systems\",\"description\":\"Intruder Alarm Systems and CMS Software Company\",\"potentialAction\":[{\"@type\":\"SearchAction\",\"target\":{\"@type\":\"EntryPoint\",\"urlTemplate\":\"https:\\\/\\\/www.pima-alarms.com\\\/es\\\/?s={search_term_string}\"},\"query-input\":{\"@type\":\"PropertyValueSpecification\",\"valueRequired\":true,\"valueName\":\"search_term_string\"}}],\"inLanguage\":\"es\"}]}<\/script>\n<!-- \/ Yoast SEO plugin. -->","yoast_head_json":{"title":"Categor\u00edas - Pima Electronic Systems","robots":{"index":"index","follow":"follow","max-snippet":"max-snippet:-1","max-image-preview":"max-image-preview:large","max-video-preview":"max-video-preview:-1"},"canonical":"https:\/\/www.pima-alarms.com\/es\/categorias\/","og_locale":"es_ES","og_type":"article","og_title":"Categor\u00edas - Pima Electronic Systems","og_url":"https:\/\/www.pima-alarms.com\/es\/categorias\/","og_site_name":"Pima Electronic Systems","article_modified_time":"2019-11-19T15:35:08+00:00","twitter_card":"summary_large_image","twitter_misc":{"Tiempo de lectura":"3 minutos"},"schema":{"@context":"https:\/\/schema.org","@graph":[{"@type":"WebPage","@id":"https:\/\/www.pima-alarms.com\/es\/categorias\/","url":"https:\/\/www.pima-alarms.com\/es\/categorias\/","name":"Categor\u00edas - Pima Electronic Systems","isPartOf":{"@id":"https:\/\/www.pima-alarms.com\/es\/#website"},"datePublished":"2017-05-08T12:43:34+00:00","dateModified":"2019-11-19T15:35:08+00:00","breadcrumb":{"@id":"https:\/\/www.pima-alarms.com\/es\/categorias\/#breadcrumb"},"inLanguage":"es","potentialAction":[{"@type":"ReadAction","target":["https:\/\/www.pima-alarms.com\/es\/categorias\/"]}]},{"@type":"BreadcrumbList","@id":"https:\/\/www.pima-alarms.com\/es\/categorias\/#breadcrumb","itemListElement":[{"@type":"ListItem","position":1,"name":"Home","item":"https:\/\/www.pima-alarms.com\/es\/"},{"@type":"ListItem","position":2,"name":"Categor\u00edas"}]},{"@type":"WebSite","@id":"https:\/\/www.pima-alarms.com\/es\/#website","url":"https:\/\/www.pima-alarms.com\/es\/","name":"Pima Electronic Systems","description":"Intruder Alarm Systems and CMS Software Company","potentialAction":[{"@type":"SearchAction","target":{"@type":"EntryPoint","urlTemplate":"https:\/\/www.pima-alarms.com\/es\/?s={search_term_string}"},"query-input":{"@type":"PropertyValueSpecification","valueRequired":true,"valueName":"search_term_string"}}],"inLanguage":"es"}]}},"_links":{"self":[{"href":"https:\/\/www.pima-alarms.com\/es\/wp-json\/wp\/v2\/pages\/19278","targetHints":{"allow":["GET"]}}],"collection":[{"href":"https:\/\/www.pima-alarms.com\/es\/wp-json\/wp\/v2\/pages"}],"about":[{"href":"https:\/\/www.pima-alarms.com\/es\/wp-json\/wp\/v2\/types\/page"}],"author":[{"embeddable":true,"href":"https:\/\/www.pima-alarms.com\/es\/wp-json\/wp\/v2\/users\/1"}],"replies":[{"embeddable":true,"href":"https:\/\/www.pima-alarms.com\/es\/wp-json\/wp\/v2\/comments?post=19278"}],"version-history":[{"count":0,"href":"https:\/\/www.pima-alarms.com\/es\/wp-json\/wp\/v2\/pages\/19278\/revisions"}],"wp:attachment":[{"href":"https:\/\/www.pima-alarms.com\/es\/wp-json\/wp\/v2\/media?parent=19278"}],"curies":[{"name":"wp","href":"https:\/\/api.w.org\/{rel}","templated":true}]}}