{"id":19416,"date":"2014-04-27T09:49:40","date_gmt":"2014-04-27T09:49:40","guid":{"rendered":"https:\/\/www.pima-alarms.com\/contact-us\/"},"modified":"2025-08-21T12:23:45","modified_gmt":"2025-08-21T09:23:45","slug":"contactenos","status":"publish","type":"page","link":"https:\/\/www.pima-alarms.com\/es\/contactenos\/","title":{"rendered":"Cont\u00e1ctenos"},"content":{"rendered":"<section class=\"section swatch-white-red contact-info section-text-no-shadow section-inner-no-shadow section-normal section-opaque\"  data-label=\"\">\n    \n    <div class=\"background-overlay grid-overlay-0 \" style=\"background-color: rgba(255,255,255,0);\"><\/div>\n\n    <div class=\"container\">\n        <div class=\"row vertical-top\">\n            <div class=\"col-md-6     text-default small-screen-default\"  ><div class=\" element-no-top element-short-bottom\" data-os-animation=\"none\" data-os-animation-delay=\"0s\">\n    <p>PIMA Electronic Systems Ltd.<br \/>\n5 Hazoref Street, Holon 5885633<br \/>\nIsrael<\/p>\n<\/div><div class=\"divider-wrapper\" style=\"visibility:visible;background-color:#e9e9e9\">\n    <div class=\"visible-xs\" style=\"height:1px;\"><\/div>\n    <div class=\"visible-sm\" style=\"height:1px;\"><\/div>\n    <div class=\"visible-md\" style=\"height:1px;\"><\/div>\n    <div class=\"visible-lg\" style=\"height:1px;\"><\/div>\n<\/div><div class=\" element-short-top element-short-bottom\" data-os-animation=\"none\" data-os-animation-delay=\"0s\">\n    <h3>Cont\u00e1ctenos<\/h3>\n<\/div><div class=\"row \"><div class=\"col-md-6     text-default small-screen-default\"  ><div class=\" element-no-top element-no-bottom\" data-os-animation=\"none\" data-os-animation-delay=\"0s\">\n    <p>Tel\u00e9fono:<\/p>\n<\/div><\/div><div class=\"col-md-6     text-default small-screen-default\"  ><div class=\" element-no-top element-no-bottom\" data-os-animation=\"none\" data-os-animation-delay=\"0s\">\n    <p>+972.3.650.6444<\/p>\n<\/div><\/div><\/div><div class=\"row emails\"><div class=\"col-md-6     text-default small-screen-default\"  ><div class=\" element-no-top element-no-bottom\" data-os-animation=\"none\" data-os-animation-delay=\"0s\">\n    <p>Soporte v\u00eda E-mail:<\/p>\n<p>Soporte Tecnico:<\/p>\n<\/div><\/div><div class=\"col-md-6     text-default small-screen-default\"  ><div class=\" element-no-top element-no-bottom\" data-os-animation=\"none\" data-os-animation-delay=\"0s\">\n    <p><a href=\"mailto:support@pima-alarms.com\">support@pima-alarms.com<\/a><\/p>\n<p><a href=\"mailto:support-sp@pima-alarms.com\">support-sp@pima-alarms.com<\/a><\/p>\n<\/div><\/div><\/div><div class=\"row \"><div class=\"col-md-6     text-default small-screen-default\"  ><div class=\" element-no-top element-no-bottom\" data-os-animation=\"none\" data-os-animation-delay=\"0s\">\n    <p>Ventas &#8211; E-mail:<\/p>\n<\/div><\/div><div class=\"col-md-6     text-default small-screen-default\"  ><div class=\" element-no-top element-no-bottom\" data-os-animation=\"none\" data-os-animation-delay=\"0s\">\n    <p><a href=\"mailto:sales@pima-alarms.com\">sales@pima-alarms.com<\/a><\/p>\n<\/div><\/div><\/div><\/div><div class=\"col-md-6     text-default small-screen-default\"  ><div class=\" element-no-top element-short-bottom\" data-os-animation=\"none\" data-os-animation-delay=\"0s\">\n    <h3>\u00a1Perm\u00edtenos saber en qu\u00e9 lo podemos ayudar!<\/h3>\n<\/div>\n<div class=\"wpcf7 no-js\" id=\"wpcf7-f27483-o1\" lang=\"es-ES\" dir=\"ltr\" data-wpcf7-id=\"27483\">\n<div class=\"screen-reader-response\"><p role=\"status\" aria-live=\"polite\" aria-atomic=\"true\"><\/p> <ul><\/ul><\/div>\n<form action=\"\/es\/wp-json\/wp\/v2\/pages\/19416#wpcf7-f27483-o1\" method=\"post\" class=\"wpcf7-form init 7e946f74fe6c cmatic-conn cmatic-aud-8 cmatic-mapd0-0 cmatic-v0977 cmatic-sent-0 cmatic-total-5012\" aria-label=\"Formulario de contacto\" novalidate=\"novalidate\" data-status=\"init\">\n<fieldset class=\"hidden-fields-container\"><input type=\"hidden\" name=\"_wpcf7\" value=\"27483\" \/><input type=\"hidden\" name=\"_wpcf7_version\" value=\"6.1.5\" \/><input type=\"hidden\" name=\"_wpcf7_locale\" value=\"es_ES\" \/><input type=\"hidden\" name=\"_wpcf7_unit_tag\" value=\"wpcf7-f27483-o1\" \/><input type=\"hidden\" name=\"_wpcf7_container_post\" value=\"0\" \/><input type=\"hidden\" name=\"_wpcf7_posted_data_hash\" value=\"\" \/><input type=\"hidden\" name=\"_wpcf7_recaptcha_response\" value=\"\" \/>\n<\/fieldset>\n<div class=\"contact-page-form\">\n\t<div class=\"row\">\n\t\t<div class=\"col-sm-6\">\n\t\t\t<p><label><span>*<\/span> Nombre<\/label><span class=\"wpcf7-form-control-wrap\" data-name=\"full-name\"><input size=\"40\" maxlength=\"400\" class=\"wpcf7-form-control wpcf7-text wpcf7-validates-as-required\" aria-required=\"true\" aria-invalid=\"false\" value=\"\" type=\"text\" name=\"full-name\" \/><\/span>\n\t\t\t<\/p>\n\t\t<\/div>\n\t\t<div class=\"col-sm-6\">\n\t\t\t<p><label><span>*<\/span> Puesto\/Posici\u00f3n<\/label><span class=\"wpcf7-form-control-wrap\" data-name=\"position\"><input size=\"40\" maxlength=\"400\" class=\"wpcf7-form-control wpcf7-text wpcf7-validates-as-required\" aria-required=\"true\" aria-invalid=\"false\" value=\"\" type=\"text\" name=\"position\" \/><\/span>\n\t\t\t<\/p>\n\t\t<\/div>\n\t<\/div>\n\t<div class=\"row\">\n\t\t<div class=\"col-sm-6\">\n\t\t\t<p><label><span>*<\/span> Compa\u00f1\u00eda<\/label><span class=\"wpcf7-form-control-wrap\" data-name=\"company\"><input size=\"40\" maxlength=\"400\" class=\"wpcf7-form-control wpcf7-text wpcf7-validates-as-required\" aria-required=\"true\" aria-invalid=\"false\" value=\"\" type=\"text\" name=\"company\" \/><\/span>\n\t\t\t<\/p>\n\t\t<\/div>\n\t\t<div class=\"col-sm-6\">\n\t\t\t<p><label><span>*<\/span> Pa\u00eds<\/label><span class=\"wpcf7-form-control-wrap\" data-name=\"country\"><input size=\"40\" maxlength=\"400\" class=\"wpcf7-form-control wpcf7-text wpcf7-validates-as-required\" aria-required=\"true\" aria-invalid=\"false\" value=\"\" type=\"text\" name=\"country\" \/><\/span>\n\t\t\t<\/p>\n\t\t<\/div>\n\t<\/div>\n\t<div class=\"row\">\n\t\t<div class=\"col-sm-6\">\n\t\t\t<p><label><span>*<\/span> Tel\u00e9fono<\/label><span class=\"wpcf7-form-control-wrap\" data-name=\"phone\"><input size=\"40\" maxlength=\"400\" class=\"wpcf7-form-control wpcf7-tel wpcf7-validates-as-required wpcf7-text wpcf7-validates-as-tel\" aria-required=\"true\" aria-invalid=\"false\" value=\"\" type=\"tel\" name=\"phone\" \/><\/span>\n\t\t\t<\/p>\n\t\t<\/div>\n\t\t<div class=\"col-sm-6\">\n\t\t\t<p><label><span>*<\/span> E-mail<\/label><span class=\"wpcf7-form-control-wrap\" data-name=\"email\"><input size=\"40\" maxlength=\"400\" class=\"wpcf7-form-control wpcf7-email wpcf7-validates-as-required wpcf7-text wpcf7-validates-as-email\" aria-required=\"true\" aria-invalid=\"false\" value=\"\" type=\"email\" name=\"email\" \/><\/span>\n\t\t\t<\/p>\n\t\t<\/div>\n\t<\/div>\n\t<div class=\"row\">\n\t\t<div class=\"col-sm-12\">\n\t\t\t<p><label><span>*<\/span> Categor\u00eda\/producto<\/label><span class=\"wpcf7-form-control-wrap\" data-name=\"category\"><select class=\"wpcf7-form-control wpcf7-select wpcf7-validates-as-required\" aria-required=\"true\" aria-invalid=\"false\" name=\"category\"><option value=\"\">&#8212;Por favor, elige una opci\u00f3n&#8212;<\/option><option value=\"Sistemas de Alarma\">Sistemas de Alarma<\/option><option value=\"Teclados\">Teclados<\/option><option value=\"Dispositivos Perif\u00e9ricos\">Dispositivos Perif\u00e9ricos<\/option><option value=\"Estaciones Centrales de Monitoreo\">Estaciones Centrales de Monitoreo<\/option><\/select><\/span>\n\t\t\t<\/p>\n\t\t<\/div>\n\t<\/div>\n\t<div class=\"row\">\n\t\t<div class=\"col-sm-12\">\n\t\t\t<p><span class=\"wpcf7-form-control-wrap\" data-name=\"type\"><span class=\"wpcf7-form-control wpcf7-radio\"><span class=\"wpcf7-list-item first\"><input type=\"radio\" name=\"type\" value=\"Ventas\" checked=\"checked\" \/><span class=\"wpcf7-list-item-label\">Ventas<\/span><\/span><span class=\"wpcf7-list-item last\"><input type=\"radio\" name=\"type\" value=\"Soporte T\u00e9cnico\" \/><span class=\"wpcf7-list-item-label\">Soporte T\u00e9cnico<\/span><\/span><\/span><\/span>\n\t\t\t<\/p>\n\t\t<\/div>\n\t<\/div>\n\t<div class=\"row\">\n\t\t<div class=\"col-sm-12\">\n\t\t\t<p><label>Mensaje<\/label><span class=\"wpcf7-form-control-wrap\" data-name=\"message\"><textarea cols=\"40\" rows=\"10\" maxlength=\"2000\" class=\"wpcf7-form-control wpcf7-textarea\" aria-invalid=\"false\" name=\"message\"><\/textarea><\/span>\n\t\t\t<\/p>\n\t\t<\/div>\n\t<\/div>\n\t<div class=\"row\">\n\t\t<div class=\"col-sm-12\">\n\t\t\t<p><input class=\"wpcf7-form-control wpcf7-submit has-spinner\" type=\"submit\" value=\"Enviar\" \/>\n\t\t\t<\/p>\n\t\t<\/div>\n\t<\/div>\n<\/div><div class=\"wpcf7-response-output\" aria-hidden=\"true\"><\/div>\n<\/form>\n<\/div>\n<\/div>        <\/div>\n    <\/div>\n<\/section>\n<section class=\"section swatch-white  section-text-no-shadow section-inner-no-shadow section-normal section-opaque\"  data-label=\"\">\n    \n    <div class=\"background-overlay grid-overlay-0 \" style=\"background-color: rgba(0,0,0,0);\"><\/div>\n\n    <div class=\"container-fullwidth\">\n        <div class=\"row vertical-top\">\n            <div class=\"col-md-12     text-default small-screen-default\"  ><div id=\"map811\" class=\"google-map  element-no-top element-no-bottom\" style=\"height:400px\" data-os-animation=\"none\" data-os-animation-delay=\"0s\"><\/div><\/div>        <\/div>\n    <\/div>\n<\/section>\n","protected":false},"excerpt":{"rendered":"PIMA Electronic Systems Ltd. 5 Hazoref Street, Holon 5885633 Israel Cont\u00e1ctenos Tel\u00e9fono: +972.3.650.6444 Soporte v\u00eda E-mail: Soporte Tecnico: support@pima-alarms.com support-sp@pima-alarms.com Ventas - E-mail: sales@pima-alarms.com \u00a1Perm\u00edtenos saber en qu\u00e9 lo podemos ayudar! * Nombre * Puesto\/Posici\u00f3n * Compa\u00f1\u00eda * Pa\u00eds * Tel\u00e9fono * E-mail * Categor\u00eda\/producto&#8212;Por favor, elige una opci\u00f3n&#8212;Sistemas de AlarmaTecladosDispositivos Perif\u00e9ricosEstaciones Centrales de Monitoreo","protected":false},"author":1,"featured_media":0,"parent":0,"menu_order":104,"comment_status":"open","ping_status":"open","template":"","meta":{"_acf_changed":false,"footnotes":""},"class_list":["post-19416","page","type-page","status-publish","hentry"],"acf":[],"yoast_head":"<!-- This site is optimized with the Yoast SEO plugin v27.5 - https:\/\/yoast.com\/product\/yoast-seo-wordpress\/ -->\n<title>Cont\u00e1ctenos - Pima Electronic Systems<\/title>\n<meta name=\"description\" content=\"Pima Electronic Systems provide an overall commercial &amp; residential security solutions. We manufacture &amp; distribute our high quality security products worldwide. Alarm Systems, Keypads, Detectors &amp; Sensors, Monitoring Stations Solutions &amp; More. Enter to contact us.\" \/>\n<meta name=\"robots\" content=\"index, follow, max-snippet:-1, max-image-preview:large, max-video-preview:-1\" \/>\n<link rel=\"canonical\" href=\"https:\/\/www.pima-alarms.com\/es\/contactenos\/\" \/>\n<meta property=\"og:locale\" content=\"es_ES\" \/>\n<meta property=\"og:type\" content=\"article\" \/>\n<meta property=\"og:title\" content=\"Cont\u00e1ctenos - Pima Electronic Systems\" \/>\n<meta property=\"og:description\" content=\"Pima Electronic Systems provide an overall commercial &amp; residential security solutions. We manufacture &amp; distribute our high quality security products worldwide. Alarm Systems, Keypads, Detectors &amp; Sensors, Monitoring Stations Solutions &amp; More. Enter to contact us.\" \/>\n<meta property=\"og:url\" content=\"https:\/\/www.pima-alarms.com\/es\/contactenos\/\" \/>\n<meta property=\"og:site_name\" content=\"Pima Electronic Systems\" \/>\n<meta property=\"article:modified_time\" content=\"2025-08-21T09:23:45+00:00\" \/>\n<meta name=\"twitter:card\" content=\"summary_large_image\" \/>\n<meta name=\"twitter:label1\" content=\"Tiempo de lectura\" \/>\n\t<meta name=\"twitter:data1\" content=\"1 minuto\" \/>\n<script type=\"application\/ld+json\" class=\"yoast-schema-graph\">{\"@context\":\"https:\\\/\\\/schema.org\",\"@graph\":[{\"@type\":\"WebPage\",\"@id\":\"https:\\\/\\\/www.pima-alarms.com\\\/es\\\/contactenos\\\/\",\"url\":\"https:\\\/\\\/www.pima-alarms.com\\\/es\\\/contactenos\\\/\",\"name\":\"Cont\u00e1ctenos - Pima Electronic Systems\",\"isPartOf\":{\"@id\":\"https:\\\/\\\/www.pima-alarms.com\\\/es\\\/#website\"},\"datePublished\":\"2014-04-27T09:49:40+00:00\",\"dateModified\":\"2025-08-21T09:23:45+00:00\",\"description\":\"Pima Electronic Systems provide an overall commercial & residential security solutions. We manufacture & distribute our high quality security products worldwide. Alarm Systems, Keypads, Detectors & Sensors, Monitoring Stations Solutions & More. Enter to contact us.\",\"breadcrumb\":{\"@id\":\"https:\\\/\\\/www.pima-alarms.com\\\/es\\\/contactenos\\\/#breadcrumb\"},\"inLanguage\":\"es\",\"potentialAction\":[{\"@type\":\"ReadAction\",\"target\":[\"https:\\\/\\\/www.pima-alarms.com\\\/es\\\/contactenos\\\/\"]}]},{\"@type\":\"BreadcrumbList\",\"@id\":\"https:\\\/\\\/www.pima-alarms.com\\\/es\\\/contactenos\\\/#breadcrumb\",\"itemListElement\":[{\"@type\":\"ListItem\",\"position\":1,\"name\":\"Home\",\"item\":\"https:\\\/\\\/www.pima-alarms.com\\\/es\\\/\"},{\"@type\":\"ListItem\",\"position\":2,\"name\":\"Cont\u00e1ctenos\"}]},{\"@type\":\"WebSite\",\"@id\":\"https:\\\/\\\/www.pima-alarms.com\\\/es\\\/#website\",\"url\":\"https:\\\/\\\/www.pima-alarms.com\\\/es\\\/\",\"name\":\"Pima Electronic Systems\",\"description\":\"Intruder Alarm Systems and CMS Software Company\",\"potentialAction\":[{\"@type\":\"SearchAction\",\"target\":{\"@type\":\"EntryPoint\",\"urlTemplate\":\"https:\\\/\\\/www.pima-alarms.com\\\/es\\\/?s={search_term_string}\"},\"query-input\":{\"@type\":\"PropertyValueSpecification\",\"valueRequired\":true,\"valueName\":\"search_term_string\"}}],\"inLanguage\":\"es\"}]}<\/script>\n<!-- \/ Yoast SEO plugin. -->","yoast_head_json":{"title":"Cont\u00e1ctenos - Pima Electronic Systems","description":"Pima Electronic Systems provide an overall commercial & residential security solutions. We manufacture & distribute our high quality security products worldwide. Alarm Systems, Keypads, Detectors & Sensors, Monitoring Stations Solutions & More. Enter to contact us.","robots":{"index":"index","follow":"follow","max-snippet":"max-snippet:-1","max-image-preview":"max-image-preview:large","max-video-preview":"max-video-preview:-1"},"canonical":"https:\/\/www.pima-alarms.com\/es\/contactenos\/","og_locale":"es_ES","og_type":"article","og_title":"Cont\u00e1ctenos - Pima Electronic Systems","og_description":"Pima Electronic Systems provide an overall commercial & residential security solutions. We manufacture & distribute our high quality security products worldwide. Alarm Systems, Keypads, Detectors & Sensors, Monitoring Stations Solutions & More. Enter to contact us.","og_url":"https:\/\/www.pima-alarms.com\/es\/contactenos\/","og_site_name":"Pima Electronic Systems","article_modified_time":"2025-08-21T09:23:45+00:00","twitter_card":"summary_large_image","twitter_misc":{"Tiempo de lectura":"1 minuto"},"schema":{"@context":"https:\/\/schema.org","@graph":[{"@type":"WebPage","@id":"https:\/\/www.pima-alarms.com\/es\/contactenos\/","url":"https:\/\/www.pima-alarms.com\/es\/contactenos\/","name":"Cont\u00e1ctenos - Pima Electronic Systems","isPartOf":{"@id":"https:\/\/www.pima-alarms.com\/es\/#website"},"datePublished":"2014-04-27T09:49:40+00:00","dateModified":"2025-08-21T09:23:45+00:00","description":"Pima Electronic Systems provide an overall commercial & residential security solutions. We manufacture & distribute our high quality security products worldwide. Alarm Systems, Keypads, Detectors & Sensors, Monitoring Stations Solutions & More. Enter to contact us.","breadcrumb":{"@id":"https:\/\/www.pima-alarms.com\/es\/contactenos\/#breadcrumb"},"inLanguage":"es","potentialAction":[{"@type":"ReadAction","target":["https:\/\/www.pima-alarms.com\/es\/contactenos\/"]}]},{"@type":"BreadcrumbList","@id":"https:\/\/www.pima-alarms.com\/es\/contactenos\/#breadcrumb","itemListElement":[{"@type":"ListItem","position":1,"name":"Home","item":"https:\/\/www.pima-alarms.com\/es\/"},{"@type":"ListItem","position":2,"name":"Cont\u00e1ctenos"}]},{"@type":"WebSite","@id":"https:\/\/www.pima-alarms.com\/es\/#website","url":"https:\/\/www.pima-alarms.com\/es\/","name":"Pima Electronic Systems","description":"Intruder Alarm Systems and CMS Software Company","potentialAction":[{"@type":"SearchAction","target":{"@type":"EntryPoint","urlTemplate":"https:\/\/www.pima-alarms.com\/es\/?s={search_term_string}"},"query-input":{"@type":"PropertyValueSpecification","valueRequired":true,"valueName":"search_term_string"}}],"inLanguage":"es"}]}},"_links":{"self":[{"href":"https:\/\/www.pima-alarms.com\/es\/wp-json\/wp\/v2\/pages\/19416","targetHints":{"allow":["GET"]}}],"collection":[{"href":"https:\/\/www.pima-alarms.com\/es\/wp-json\/wp\/v2\/pages"}],"about":[{"href":"https:\/\/www.pima-alarms.com\/es\/wp-json\/wp\/v2\/types\/page"}],"author":[{"embeddable":true,"href":"https:\/\/www.pima-alarms.com\/es\/wp-json\/wp\/v2\/users\/1"}],"replies":[{"embeddable":true,"href":"https:\/\/www.pima-alarms.com\/es\/wp-json\/wp\/v2\/comments?post=19416"}],"version-history":[{"count":1,"href":"https:\/\/www.pima-alarms.com\/es\/wp-json\/wp\/v2\/pages\/19416\/revisions"}],"predecessor-version":[{"id":51323,"href":"https:\/\/www.pima-alarms.com\/es\/wp-json\/wp\/v2\/pages\/19416\/revisions\/51323"}],"wp:attachment":[{"href":"https:\/\/www.pima-alarms.com\/es\/wp-json\/wp\/v2\/media?parent=19416"}],"curies":[{"name":"wp","href":"https:\/\/api.w.org\/{rel}","templated":true}]}}