{"id":19548,"date":"2014-04-04T07:31:42","date_gmt":"2014-04-04T04:31:42","guid":{"rendered":"https:\/\/www.pima-alarms.com\/ayuda-y-soporte\/"},"modified":"2019-11-27T15:35:32","modified_gmt":"2019-11-27T13:35:32","slug":"ayuda-y-soporte","status":"publish","type":"page","link":"https:\/\/www.pima-alarms.com\/es\/ayuda-y-soporte\/","title":{"rendered":"Ayuda y Soporte"},"content":{"rendered":"<section class=\"section swatch-white-red  section-text-no-shadow section-inner-no-shadow section-normal section-opaque\"  data-label=\"\">\n    \n    <div class=\"background-overlay grid-overlay-0 \" style=\"background-color: rgba(0,0,0,0);\"><\/div>\n\n    <div class=\"container\">\n        <div class=\"row vertical-top\">\n            <div class=\"col-md-12     text-center small-screen-default\"  ><div class=\"divider-wrapper\" style=\"visibility:visible;background-color:#d9d9d9\">\n    <div class=\"visible-xs\" style=\"height:1px;\"><\/div>\n    <div class=\"visible-sm\" style=\"height:1px;\"><\/div>\n    <div class=\"visible-md\" style=\"height:1px;\"><\/div>\n    <div class=\"visible-lg\" style=\"height:1px;\"><\/div>\n<\/div><header class=\"text-center  element-medium-top element-no-bottom not-condensed\" data-os-animation=\"none\" data-os-animation-delay=\"0s\" >\n    <h2 class=\"big bold bordered bordered-normal\" >\n        Centro de Descargas    <\/h2>\n    <\/header>\n<div class=\" element-no-top element-short-bottom\" data-os-animation=\"none\" data-os-animation-delay=\"0s\">\n    <p>Bienvenido a nuestro Centro de Descargas. Aqu\u00ed encontrar\u00e1 informaci\u00f3n t\u00e9cnica y de mercadeo adem\u00e1s de herramientas para su uso.<\/p>\n<\/div><a href=\"https:\/\/www.pima-alarms.com\/es\/centro-de-descargas\/\" class=\"btn btn-danger     element-no-top element-medium-bottom os-animation\" target= \"_self\" data-os-animation=\"fadeInUp\" data-os-animation-delay=\"0.3s \"  >\n\tP\u00e1gina de Descargas \t<\/a>\n<\/div>        <\/div>\n    <\/div>\n<\/section>\n<section class=\"section swatch-white-red  section-text-no-shadow section-inner-no-shadow section-normal section-opaque\"  data-label=\"\">\n    \n    <div class=\"background-overlay grid-overlay-0 \" style=\"background-color: rgba(0,0,0,0);\"><\/div>\n\n    <div class=\"container\">\n        <div class=\"row vertical-top\">\n            <div class=\"col-md-12     text-center small-screen-default\"  ><div class=\"divider-wrapper\" style=\"visibility:visible;background-color:#d9d9d9\">\n    <div class=\"visible-xs\" style=\"height:1px;\"><\/div>\n    <div class=\"visible-sm\" style=\"height:1px;\"><\/div>\n    <div class=\"visible-md\" style=\"height:1px;\"><\/div>\n    <div class=\"visible-lg\" style=\"height:1px;\"><\/div>\n<\/div><header class=\"text-center  element-medium-top element-no-bottom not-condensed\" data-os-animation=\"none\" data-os-animation-delay=\"0s\" >\n    <h2 class=\"big bold bordered bordered-normal\" >\n        Garant\u00eda    <\/h2>\n    <\/header>\n<div class=\" element-no-top element-short-bottom\" data-os-animation=\"none\" data-os-animation-delay=\"0s\">\n    <\/div><a href=\"https:\/\/www.pima-alarms.com\/es\/ayuda-y-soporte\/pima-garantia\/\" class=\"btn btn-danger     element-no-top element-medium-bottom os-animation\" target= \"_self\" data-os-animation=\"fadeInUp\" data-os-animation-delay=\"0.3s \"  >\n\tVer \t<\/a>\n<\/div>        <\/div>\n    <\/div>\n<\/section>\n<section class=\"section swatch-white-red faqs section-text-no-shadow section-inner-no-shadow section-normal section-opaque\"  data-label=\"\">\n    \n    <div class=\"background-overlay grid-overlay-0 \" style=\"background-color: rgba(0,0,0,0);\"><\/div>\n\n    <div class=\"container\">\n        <div class=\"row vertical-top\">\n            <div class=\"col-md-12     text-default small-screen-default\"  ><header class=\"text-center  element-medium-top element-no-bottom condensed\" data-os-animation=\"none\" data-os-animation-delay=\"0s\" >\n    <h2 class=\"big bold bordered bordered-normal\" >\n        Preguntas Frecuentes    <\/h2>\n    <\/header>\n<div class=\" element-short-top element-medium-bottom\" data-os-animation=\"none\" data-os-animation-delay=\"0s\">\n\t\t\t\t<div class=\"tabbable\">\n\t\t\t\t<ul class=\"nav nav-tabs\" data-tabs=\"tabs\"><!-- Nav tabs -->\n  \t  \n\t\t\t<li class=\"active\"><a href=\"#1495714940-2-18\" data-toggle=\"tab\">Hunter-Pro<\/a><\/li>\t      \n  \t\t      <\/ul>\n\t\t\t\t<div class=\"tab-content\"><!-- Tab panes -->\n  \t \n  \t      \t\t\n  \t\t<div class=\"tab-pane fade in active\" id=\"1495714940-2-18\">\n  \t\t\t\n<div id=\"accordion_499\" class=\"panel-group  element-short-top element-short-bottom\" data-os-animation=\"none\" data-os-animation-delay=\"0s\">\n\t\t\t\t\t\t\t    <div class=\"panel panel-primary\">\n\t\t        <div class=\"panel-heading\">\n\t\t            <a href=\"#group_888\" class=\"accordion-toggle collapsed\" data-parent = \"#accordion_499\" data-toggle=\"collapse\" >\u00bfC\u00f3mo programo el sistema Hunter-Pro para que llame a mi tel\u00e9fono cuando hay una alarma?<\/a>\n\t\t        <\/div>\n\t\t        <div id=\"group_888\" class=\"panel-collapse collapse \">\n\t\t            <div class=\"panel-body\">\n\t\t                <div class=\" element-no-top element-no-bottom\" data-os-animation=\"none\" data-os-animation-delay=\"0s\">\n    <p>Mantenga presionada la tecla 0 e ingrese un c\u00f3digo de usuario, presione 6 (\u00abN\u00fameros de tel\u00e9fono\u00bb), configure hasta 4 n\u00fameros de tel\u00e9fono y presione ENTER.<\/p>\n<\/div>\n\t\t            <\/div>\n\t\t        <\/div>\n\t\t    <\/div>\n\t   \t\t\t\t\t\t\t\t    <div class=\"panel panel-primary\">\n\t\t        <div class=\"panel-heading\">\n\t\t            <a href=\"#group_762\" class=\"accordion-toggle collapsed\" data-parent = \"#accordion_499\" data-toggle=\"collapse\" >\u00bfQu\u00e9 debo hacer cuando se muestra el error ''Bater\u00eda baja'''?<\/a>\n\t\t        <\/div>\n\t\t        <div id=\"group_762\" class=\"panel-collapse collapse \">\n\t\t            <div class=\"panel-body\">\n\t\t                <div class=\" element-no-top element-no-bottom\" data-os-animation=\"none\" data-os-animation-delay=\"0s\">\n    <p>Si la falla ocurre despu\u00e9s de un corte de energ\u00eda prolongado, espere unas horas despu\u00e9s de que se haya restablecido la energ\u00eda para que la bater\u00eda se recargue. Si a\u00fan se muestra el mensaje de error, es posible que la bater\u00eda haya llegado al final de su ciclo de vida \u00fatil y debe reemplazarse por una nueva.<\/p>\n<p>\u00a1Atenci\u00f3n! Si se produce un corte de energ\u00eda y no hay una bater\u00eda de respaldo, el sistema de alarma no funcionar\u00e1. Llame a Soporte T\u00e9cnico.<\/p>\n<\/div>\n\t\t            <\/div>\n\t\t        <\/div>\n\t\t    <\/div>\n\t   \t\t\t\t\t\t\t\t    <div class=\"panel panel-primary\">\n\t\t        <div class=\"panel-heading\">\n\t\t            <a href=\"#group_626\" class=\"accordion-toggle collapsed\" data-parent = \"#accordion_499\" data-toggle=\"collapse\" >\u00bfC\u00f3mo configuro el Auto-Armado?<\/a>\n\t\t        <\/div>\n\t\t        <div id=\"group_626\" class=\"panel-collapse collapse \">\n\t\t            <div class=\"panel-body\">\n\t\t                <div class=\" element-no-top element-no-bottom\" data-os-animation=\"none\" data-os-animation-delay=\"0s\">\n    <p>Mantenga presionada la tecla 0 e ingrese un c\u00f3digo de usuario, presione 0 (\u00abAuto-Armado\u00bb), establezca un tiempo para el Armado diario y presione ENTER.<\/p>\n<\/div>\n\t\t            <\/div>\n\t\t        <\/div>\n\t\t    <\/div>\n\t   \t\t\t\t\t\t\t\t    <div class=\"panel panel-primary\">\n\t\t        <div class=\"panel-heading\">\n\t\t            <a href=\"#group_761\" class=\"accordion-toggle collapsed\" data-parent = \"#accordion_499\" data-toggle=\"collapse\" >\u00bfC\u00f3mo armo el sistema Hunter-Pro para que no active la alarma durante la noche?<\/a>\n\t\t        <\/div>\n\t\t        <div id=\"group_761\" class=\"panel-collapse collapse \">\n\t\t            <div class=\"panel-body\">\n\t\t                <div class=\" element-no-top element-no-bottom\" data-os-animation=\"none\" data-os-animation-delay=\"0s\">\n    <p>Los modos de armado \u201cen Casa\u201d se deben usar durante la noche y los establece un t\u00e9cnico de servicio. Si el t\u00e9cnico ya los ha configurado, puede activar el modo \u201cen Casa 1\u201d o \u201cen Casa 2\u201d.<\/p>\n<\/div>\n\t\t            <\/div>\n\t\t        <\/div>\n\t\t    <\/div>\n\t   \t\t\t\t\t\t\t\t    <div class=\"panel panel-primary\">\n\t\t        <div class=\"panel-heading\">\n\t\t            <a href=\"#group_834\" class=\"accordion-toggle collapsed\" data-parent = \"#accordion_499\" data-toggle=\"collapse\" >\u00bfC\u00f3mo puedo configurar la hora y fecha en el sistema Hunter-Pro 832\/8144?<\/a>\n\t\t        <\/div>\n\t\t        <div id=\"group_834\" class=\"panel-collapse collapse \">\n\t\t            <div class=\"panel-body\">\n\t\t                <div class=\" element-no-top element-no-bottom\" data-os-animation=\"none\" data-os-animation-delay=\"0s\">\n    <p>Mantenga presionada la tecla 0 e ingrese un c\u00f3digo de usuario, presione 8, configure la hora y la fecha y presione ENTER.<\/p>\n<\/div>\n\t\t            <\/div>\n\t\t        <\/div>\n\t\t    <\/div>\n\t   \t\t<\/div>\n<a href=\"https:\/\/www.pima-alarms.com\/es\/ayuda-y-soporte\/preguntas-frecuentes\/\" class=\"btn btn-primary btn-lg    element-short-top element-short-bottom\" target= \"_self\" data-os-animation=\"none\" data-os-animation-delay=\"0s \"  >\n\tVer todas las preguntas frecuentes \t<\/a>\n    \t<\/div>  \n     \n\n<\/div>\n\t\t\t<\/div>\n\t<\/div><\/div>        <\/div>\n    <\/div>\n<\/section>\n<section class=\"section swatch-gray contact-section section-text-no-shadow section-inner-no-shadow section-normal section-opaque\"  data-label=\"\">\n            <div class=\"background-media\" style=\"background-image: url('https:\/\/www.pima-alarms.com\/wp-content\/uploads\/2017\/family-image.jpg'); background-repeat:no-repeat; background-size:auto; background-attachment:no-scroll; background-position: 50% 0%;\" >\n                    <\/div>\n    \n    <div class=\"background-overlay grid-overlay-0 \" style=\"background-color: ;\"><\/div>\n\n    <div class=\"container\">\n        <div class=\"row vertical-middle\">\n            <div class=\"col-md-6    contact-form text-default small-screen-default\"  ><header class=\"text-left  element-no-top element-no-bottom not-condensed\" data-os-animation=\"none\" data-os-animation-delay=\"0s\" >\n    <h2 class=\"big bold bordered bordered-normal\" >\n        Cont\u00e1ctenos    <\/h2>\n    <\/header>\n<div class=\" element-no-top element-short-bottom\" data-os-animation=\"none\" data-os-animation-delay=\"0s\">\n    <\/div>\n<div class=\"wpcf7 no-js\" id=\"wpcf7-f27484-o1\" lang=\"es-ES\" dir=\"ltr\" data-wpcf7-id=\"27484\">\n<div class=\"screen-reader-response\"><p role=\"status\" aria-live=\"polite\" aria-atomic=\"true\"><\/p> <ul><\/ul><\/div>\n<form action=\"\/es\/wp-json\/wp\/v2\/pages\/19548#wpcf7-f27484-o1\" method=\"post\" class=\"wpcf7-form init 7e946f74fe6c cmatic-conn cmatic-aud-8 cmatic-mapd0-0 cmatic-v0977 cmatic-sent-0 cmatic-total-5012\" aria-label=\"Formulario de contacto\" novalidate=\"novalidate\" data-status=\"init\">\n<fieldset class=\"hidden-fields-container\"><input type=\"hidden\" name=\"_wpcf7\" value=\"27484\" \/><input type=\"hidden\" name=\"_wpcf7_version\" value=\"6.1.5\" \/><input type=\"hidden\" name=\"_wpcf7_locale\" value=\"es_ES\" \/><input type=\"hidden\" name=\"_wpcf7_unit_tag\" value=\"wpcf7-f27484-o1\" \/><input type=\"hidden\" name=\"_wpcf7_container_post\" value=\"0\" \/><input type=\"hidden\" name=\"_wpcf7_posted_data_hash\" value=\"\" \/><input type=\"hidden\" name=\"_wpcf7_recaptcha_response\" value=\"\" \/>\n<\/fieldset>\n<div class=\"bottom-form\">\n\t<div class=\"row\">\n\t\t<div class=\"col-sm-6\">\n\t\t\t<p><span class=\"wpcf7-form-control-wrap\" data-name=\"full-name\"><input size=\"40\" maxlength=\"400\" class=\"wpcf7-form-control wpcf7-text wpcf7-validates-as-required\" aria-required=\"true\" aria-invalid=\"false\" placeholder=\"Nombre\" value=\"\" type=\"text\" name=\"full-name\" \/><\/span>\n\t\t\t<\/p>\n\t\t<\/div>\n\t\t<div class=\"col-sm-6\">\n\t\t\t<p><span class=\"wpcf7-form-control-wrap\" data-name=\"email\"><input size=\"40\" maxlength=\"400\" class=\"wpcf7-form-control wpcf7-email wpcf7-validates-as-required wpcf7-text wpcf7-validates-as-email\" aria-required=\"true\" aria-invalid=\"false\" placeholder=\"E-mail\" value=\"\" type=\"email\" name=\"email\" \/><\/span>\n\t\t\t<\/p>\n\t\t<\/div>\n\t<\/div>\n\t<div class=\"row\">\n\t\t<div class=\"col-sm-6\">\n\t\t\t<p><span class=\"wpcf7-form-control-wrap\" data-name=\"phone\"><input size=\"40\" maxlength=\"400\" class=\"wpcf7-form-control wpcf7-tel wpcf7-text wpcf7-validates-as-tel\" aria-invalid=\"false\" placeholder=\"Tel\u00e9fono\" value=\"\" type=\"tel\" name=\"phone\" \/><\/span>\n\t\t\t<\/p>\n\t\t<\/div>\n\t\t<div class=\"col-sm-6\">\n\t\t\t<p><span class=\"wpcf7-form-control-wrap\" data-name=\"subject\"><input size=\"40\" maxlength=\"400\" class=\"wpcf7-form-control wpcf7-text wpcf7-validates-as-required\" aria-required=\"true\" aria-invalid=\"false\" placeholder=\"Tema\" value=\"\" type=\"text\" name=\"subject\" \/><\/span>\n\t\t\t<\/p>\n\t\t<\/div>\n\t<\/div>\n\t<div class=\"row\">\n\t\t<div class=\"col-sm-12\">\n\t\t\t<p><span class=\"wpcf7-form-control-wrap\" data-name=\"message\"><textarea cols=\"40\" rows=\"10\" maxlength=\"2000\" class=\"wpcf7-form-control wpcf7-textarea\" aria-invalid=\"false\" placeholder=\"Mensaje\" name=\"message\"><\/textarea><\/span>\n\t\t\t<\/p>\n\t\t<\/div>\n\t<\/div>\n\t<div class=\"row\">\n\t\t<div class=\"col-sm-12\">\n\t\t\t<p><input class=\"wpcf7-form-control wpcf7-submit has-spinner\" type=\"submit\" value=\"Enviar\" \/>\n\t\t\t<\/p>\n\t\t<\/div>\n\t<\/div>\n<\/div><div class=\"wpcf7-response-output\" aria-hidden=\"true\"><\/div>\n<\/form>\n<\/div>\n<\/div><div class=\"col-md-6     text-default small-screen-default\"  ><\/div>        <\/div>\n    <\/div>\n<\/section>\n","protected":false},"excerpt":{"rendered":"Centro de Descargas Bienvenido a nuestro Centro de Descargas. Aqu\u00ed encontrar\u00e1 informaci\u00f3n t\u00e9cnica y de mercadeo adem\u00e1s de herramientas para su uso. P\u00e1gina de Descargas Garant\u00eda Ver Preguntas Frecuentes Hunter-Pro \u00bfC\u00f3mo programo el sistema Hunter-Pro para que llame a mi tel\u00e9fono cuando hay una alarma? Mantenga presionada la tecla 0 e ingrese un c\u00f3digo de","protected":false},"author":1,"featured_media":0,"parent":0,"menu_order":106,"comment_status":"open","ping_status":"closed","template":"","meta":{"_acf_changed":false,"footnotes":""},"class_list":["post-19548","page","type-page","status-publish","hentry"],"acf":[],"yoast_head":"<!-- This site is optimized with the Yoast SEO plugin v27.5 - https:\/\/yoast.com\/product\/yoast-seo-wordpress\/ -->\n<title>Ayuda y Soporte - Pima Electronic Systems<\/title>\n<meta name=\"description\" content=\"Pima Electronic Systems provide an overall commercial &amp; residential security solutions. We manufacture &amp; distribute our high quality security products worldwide. Enter to see our help &amp; support.\" \/>\n<meta name=\"robots\" content=\"index, follow, max-snippet:-1, max-image-preview:large, max-video-preview:-1\" \/>\n<link rel=\"canonical\" href=\"https:\/\/www.pima-alarms.com\/es\/ayuda-y-soporte\/\" \/>\n<meta property=\"og:locale\" content=\"es_ES\" \/>\n<meta property=\"og:type\" content=\"article\" \/>\n<meta property=\"og:title\" content=\"Ayuda y Soporte - Pima Electronic Systems\" \/>\n<meta property=\"og:description\" content=\"Pima Electronic Systems provide an overall commercial &amp; residential security solutions. We manufacture &amp; distribute our high quality security products worldwide. Enter to see our help &amp; support.\" \/>\n<meta property=\"og:url\" content=\"https:\/\/www.pima-alarms.com\/es\/ayuda-y-soporte\/\" \/>\n<meta property=\"og:site_name\" content=\"Pima Electronic Systems\" \/>\n<meta property=\"article:modified_time\" content=\"2019-11-27T13:35:32+00:00\" \/>\n<meta name=\"twitter:card\" content=\"summary_large_image\" \/>\n<meta name=\"twitter:label1\" content=\"Tiempo de lectura\" \/>\n\t<meta name=\"twitter:data1\" content=\"4 minutos\" \/>\n<script type=\"application\/ld+json\" class=\"yoast-schema-graph\">{\"@context\":\"https:\\\/\\\/schema.org\",\"@graph\":[{\"@type\":\"WebPage\",\"@id\":\"https:\\\/\\\/www.pima-alarms.com\\\/es\\\/ayuda-y-soporte\\\/\",\"url\":\"https:\\\/\\\/www.pima-alarms.com\\\/es\\\/ayuda-y-soporte\\\/\",\"name\":\"Ayuda y Soporte - Pima Electronic Systems\",\"isPartOf\":{\"@id\":\"https:\\\/\\\/www.pima-alarms.com\\\/es\\\/#website\"},\"datePublished\":\"2014-04-04T04:31:42+00:00\",\"dateModified\":\"2019-11-27T13:35:32+00:00\",\"description\":\"Pima Electronic Systems provide an overall commercial & residential security solutions. We manufacture & distribute our high quality security products worldwide. Enter to see our help & support.\",\"breadcrumb\":{\"@id\":\"https:\\\/\\\/www.pima-alarms.com\\\/es\\\/ayuda-y-soporte\\\/#breadcrumb\"},\"inLanguage\":\"es\",\"potentialAction\":[{\"@type\":\"ReadAction\",\"target\":[\"https:\\\/\\\/www.pima-alarms.com\\\/es\\\/ayuda-y-soporte\\\/\"]}]},{\"@type\":\"BreadcrumbList\",\"@id\":\"https:\\\/\\\/www.pima-alarms.com\\\/es\\\/ayuda-y-soporte\\\/#breadcrumb\",\"itemListElement\":[{\"@type\":\"ListItem\",\"position\":1,\"name\":\"Home\",\"item\":\"https:\\\/\\\/www.pima-alarms.com\\\/es\\\/\"},{\"@type\":\"ListItem\",\"position\":2,\"name\":\"Ayuda y Soporte\"}]},{\"@type\":\"WebSite\",\"@id\":\"https:\\\/\\\/www.pima-alarms.com\\\/es\\\/#website\",\"url\":\"https:\\\/\\\/www.pima-alarms.com\\\/es\\\/\",\"name\":\"Pima Electronic Systems\",\"description\":\"Intruder Alarm Systems and CMS Software Company\",\"potentialAction\":[{\"@type\":\"SearchAction\",\"target\":{\"@type\":\"EntryPoint\",\"urlTemplate\":\"https:\\\/\\\/www.pima-alarms.com\\\/es\\\/?s={search_term_string}\"},\"query-input\":{\"@type\":\"PropertyValueSpecification\",\"valueRequired\":true,\"valueName\":\"search_term_string\"}}],\"inLanguage\":\"es\"}]}<\/script>\n<!-- \/ Yoast SEO plugin. -->","yoast_head_json":{"title":"Ayuda y Soporte - Pima Electronic Systems","description":"Pima Electronic Systems provide an overall commercial & residential security solutions. We manufacture & distribute our high quality security products worldwide. Enter to see our help & support.","robots":{"index":"index","follow":"follow","max-snippet":"max-snippet:-1","max-image-preview":"max-image-preview:large","max-video-preview":"max-video-preview:-1"},"canonical":"https:\/\/www.pima-alarms.com\/es\/ayuda-y-soporte\/","og_locale":"es_ES","og_type":"article","og_title":"Ayuda y Soporte - Pima Electronic Systems","og_description":"Pima Electronic Systems provide an overall commercial & residential security solutions. We manufacture & distribute our high quality security products worldwide. Enter to see our help & support.","og_url":"https:\/\/www.pima-alarms.com\/es\/ayuda-y-soporte\/","og_site_name":"Pima Electronic Systems","article_modified_time":"2019-11-27T13:35:32+00:00","twitter_card":"summary_large_image","twitter_misc":{"Tiempo de lectura":"4 minutos"},"schema":{"@context":"https:\/\/schema.org","@graph":[{"@type":"WebPage","@id":"https:\/\/www.pima-alarms.com\/es\/ayuda-y-soporte\/","url":"https:\/\/www.pima-alarms.com\/es\/ayuda-y-soporte\/","name":"Ayuda y Soporte - Pima Electronic Systems","isPartOf":{"@id":"https:\/\/www.pima-alarms.com\/es\/#website"},"datePublished":"2014-04-04T04:31:42+00:00","dateModified":"2019-11-27T13:35:32+00:00","description":"Pima Electronic Systems provide an overall commercial & residential security solutions. We manufacture & distribute our high quality security products worldwide. Enter to see our help & support.","breadcrumb":{"@id":"https:\/\/www.pima-alarms.com\/es\/ayuda-y-soporte\/#breadcrumb"},"inLanguage":"es","potentialAction":[{"@type":"ReadAction","target":["https:\/\/www.pima-alarms.com\/es\/ayuda-y-soporte\/"]}]},{"@type":"BreadcrumbList","@id":"https:\/\/www.pima-alarms.com\/es\/ayuda-y-soporte\/#breadcrumb","itemListElement":[{"@type":"ListItem","position":1,"name":"Home","item":"https:\/\/www.pima-alarms.com\/es\/"},{"@type":"ListItem","position":2,"name":"Ayuda y Soporte"}]},{"@type":"WebSite","@id":"https:\/\/www.pima-alarms.com\/es\/#website","url":"https:\/\/www.pima-alarms.com\/es\/","name":"Pima Electronic Systems","description":"Intruder Alarm Systems and CMS Software Company","potentialAction":[{"@type":"SearchAction","target":{"@type":"EntryPoint","urlTemplate":"https:\/\/www.pima-alarms.com\/es\/?s={search_term_string}"},"query-input":{"@type":"PropertyValueSpecification","valueRequired":true,"valueName":"search_term_string"}}],"inLanguage":"es"}]}},"_links":{"self":[{"href":"https:\/\/www.pima-alarms.com\/es\/wp-json\/wp\/v2\/pages\/19548","targetHints":{"allow":["GET"]}}],"collection":[{"href":"https:\/\/www.pima-alarms.com\/es\/wp-json\/wp\/v2\/pages"}],"about":[{"href":"https:\/\/www.pima-alarms.com\/es\/wp-json\/wp\/v2\/types\/page"}],"author":[{"embeddable":true,"href":"https:\/\/www.pima-alarms.com\/es\/wp-json\/wp\/v2\/users\/1"}],"replies":[{"embeddable":true,"href":"https:\/\/www.pima-alarms.com\/es\/wp-json\/wp\/v2\/comments?post=19548"}],"version-history":[{"count":0,"href":"https:\/\/www.pima-alarms.com\/es\/wp-json\/wp\/v2\/pages\/19548\/revisions"}],"wp:attachment":[{"href":"https:\/\/www.pima-alarms.com\/es\/wp-json\/wp\/v2\/media?parent=19548"}],"curies":[{"name":"wp","href":"https:\/\/api.w.org\/{rel}","templated":true}]}}