{"id":27445,"date":"2018-04-16T10:54:46","date_gmt":"2018-04-16T07:54:46","guid":{"rendered":"https:\/\/www.pima-alarms.com\/lostpassword\/"},"modified":"2019-08-26T10:46:48","modified_gmt":"2019-08-26T07:46:48","slug":"lostpassword","status":"publish","type":"page","link":"https:\/\/www.pima-alarms.com\/es\/lostpassword\/","title":{"rendered":"Olvid\u00f3 la Contrase\u00f1a"},"content":{"rendered":"<div class=\"tml tml-login\">\n<div class=\"tml-alerts\"><\/div><form name=\"login\" action=\"https:\/\/www.pima-alarms.com\/es\/login\/\" method=\"post\">\n<div class=\"tml-field-wrap tml-log-wrap\">\n<label class=\"tml-label\" for=\"user_login\">Nombre de usuario o correo electr\u00f3nico<\/label>\n<input name=\"log\" type=\"text\" value=\"\" id=\"user_login\" autocapitalize=\"off\" class=\"tml-field\">\n<\/div>\n\n<div class=\"tml-field-wrap tml-pwd-wrap\">\n<label class=\"tml-label\" for=\"user_pass\">Contrase\u00f1a<\/label>\n<input name=\"pwd\" type=\"password\" value=\"\" id=\"user_pass\" class=\"tml-field\">\n<\/div>\n\n\n<div class=\"tml-field-wrap tml-rememberme-wrap\">\n<input name=\"rememberme\" type=\"checkbox\" value=\"forever\" id=\"rememberme\" class=\"tml-checkbox\">\n<label class=\"tml-label\" for=\"rememberme\">Recu\u00e9rdame<\/label>\n<\/div>\n\n<div class=\"tml-field-wrap tml-submit-wrap\">\n<button name=\"submit\" type=\"submit\" class=\"tml-button\">Acceder<\/button>\n<\/div>\n\n<input name=\"redirect_to\" type=\"hidden\" value=\"https:\/\/www.pima-alarms.com\/wp-admin\/\">\n\n<\/form>\n<ul class=\"tml-links\"><li class=\"tml-lostpassword-link\"><a href=\"https:\/\/www.pima-alarms.com\/es\/lostpassword\/\">\u00bfHas olvidado tu contrase\u00f1a?<\/a><\/li><\/ul><\/div>\n\n","protected":false},"excerpt":{"rendered":"Nombre de usuario o correo electr\u00f3nico Contrase\u00f1a Recu\u00e9rdame Acceder \u00bfHas olvidado tu contrase\u00f1a?","protected":false},"author":1,"featured_media":0,"parent":0,"menu_order":7,"comment_status":"closed","ping_status":"closed","template":"","meta":{"_acf_changed":false,"footnotes":""},"class_list":["post-27445","page","type-page","status-publish","hentry"],"acf":[],"yoast_head":"<!-- This site is optimized with the Yoast SEO plugin v27.5 - https:\/\/yoast.com\/product\/yoast-seo-wordpress\/ -->\n<title>Olvid\u00f3 la Contrase\u00f1a - Pima Electronic Systems<\/title>\n<meta name=\"robots\" content=\"noindex, nofollow\" \/>\n<meta property=\"og:locale\" content=\"es_ES\" \/>\n<meta property=\"og:type\" content=\"article\" \/>\n<meta property=\"og:title\" content=\"Olvid\u00f3 la Contrase\u00f1a - Pima Electronic Systems\" \/>\n<meta property=\"og:url\" content=\"https:\/\/www.pima-alarms.com\/es\/lostpassword\/\" \/>\n<meta property=\"og:site_name\" content=\"Pima Electronic Systems\" \/>\n<meta property=\"article:modified_time\" content=\"2019-08-26T07:46:48+00:00\" \/>\n<meta name=\"twitter:card\" content=\"summary_large_image\" \/>\n<script type=\"application\/ld+json\" class=\"yoast-schema-graph\">{\"@context\":\"https:\\\/\\\/schema.org\",\"@graph\":[{\"@type\":\"WebPage\",\"@id\":\"https:\\\/\\\/www.pima-alarms.com\\\/es\\\/lostpassword\\\/\",\"url\":\"https:\\\/\\\/www.pima-alarms.com\\\/es\\\/lostpassword\\\/\",\"name\":\"Olvid\u00f3 la Contrase\u00f1a - Pima Electronic Systems\",\"isPartOf\":{\"@id\":\"https:\\\/\\\/www.pima-alarms.com\\\/es\\\/#website\"},\"datePublished\":\"2018-04-16T07:54:46+00:00\",\"dateModified\":\"2019-08-26T07:46:48+00:00\",\"breadcrumb\":{\"@id\":\"https:\\\/\\\/www.pima-alarms.com\\\/es\\\/lostpassword\\\/#breadcrumb\"},\"inLanguage\":\"es\",\"potentialAction\":[{\"@type\":\"ReadAction\",\"target\":[\"https:\\\/\\\/www.pima-alarms.com\\\/es\\\/lostpassword\\\/\"]}]},{\"@type\":\"BreadcrumbList\",\"@id\":\"https:\\\/\\\/www.pima-alarms.com\\\/es\\\/lostpassword\\\/#breadcrumb\",\"itemListElement\":[{\"@type\":\"ListItem\",\"position\":1,\"name\":\"Home\",\"item\":\"https:\\\/\\\/www.pima-alarms.com\\\/es\\\/\"},{\"@type\":\"ListItem\",\"position\":2,\"name\":\"Olvid\u00f3 la Contrase\u00f1a\"}]},{\"@type\":\"WebSite\",\"@id\":\"https:\\\/\\\/www.pima-alarms.com\\\/es\\\/#website\",\"url\":\"https:\\\/\\\/www.pima-alarms.com\\\/es\\\/\",\"name\":\"Pima Electronic Systems\",\"description\":\"Intruder Alarm Systems and CMS Software Company\",\"potentialAction\":[{\"@type\":\"SearchAction\",\"target\":{\"@type\":\"EntryPoint\",\"urlTemplate\":\"https:\\\/\\\/www.pima-alarms.com\\\/es\\\/?s={search_term_string}\"},\"query-input\":{\"@type\":\"PropertyValueSpecification\",\"valueRequired\":true,\"valueName\":\"search_term_string\"}}],\"inLanguage\":\"es\"}]}<\/script>\n<!-- \/ Yoast SEO plugin. -->","yoast_head_json":{"title":"Olvid\u00f3 la Contrase\u00f1a - Pima Electronic Systems","robots":{"index":"noindex","follow":"nofollow"},"og_locale":"es_ES","og_type":"article","og_title":"Olvid\u00f3 la Contrase\u00f1a - Pima Electronic Systems","og_url":"https:\/\/www.pima-alarms.com\/es\/lostpassword\/","og_site_name":"Pima Electronic Systems","article_modified_time":"2019-08-26T07:46:48+00:00","twitter_card":"summary_large_image","schema":{"@context":"https:\/\/schema.org","@graph":[{"@type":"WebPage","@id":"https:\/\/www.pima-alarms.com\/es\/lostpassword\/","url":"https:\/\/www.pima-alarms.com\/es\/lostpassword\/","name":"Olvid\u00f3 la Contrase\u00f1a - Pima Electronic Systems","isPartOf":{"@id":"https:\/\/www.pima-alarms.com\/es\/#website"},"datePublished":"2018-04-16T07:54:46+00:00","dateModified":"2019-08-26T07:46:48+00:00","breadcrumb":{"@id":"https:\/\/www.pima-alarms.com\/es\/lostpassword\/#breadcrumb"},"inLanguage":"es","potentialAction":[{"@type":"ReadAction","target":["https:\/\/www.pima-alarms.com\/es\/lostpassword\/"]}]},{"@type":"BreadcrumbList","@id":"https:\/\/www.pima-alarms.com\/es\/lostpassword\/#breadcrumb","itemListElement":[{"@type":"ListItem","position":1,"name":"Home","item":"https:\/\/www.pima-alarms.com\/es\/"},{"@type":"ListItem","position":2,"name":"Olvid\u00f3 la Contrase\u00f1a"}]},{"@type":"WebSite","@id":"https:\/\/www.pima-alarms.com\/es\/#website","url":"https:\/\/www.pima-alarms.com\/es\/","name":"Pima Electronic Systems","description":"Intruder Alarm Systems and CMS Software Company","potentialAction":[{"@type":"SearchAction","target":{"@type":"EntryPoint","urlTemplate":"https:\/\/www.pima-alarms.com\/es\/?s={search_term_string}"},"query-input":{"@type":"PropertyValueSpecification","valueRequired":true,"valueName":"search_term_string"}}],"inLanguage":"es"}]}},"_links":{"self":[{"href":"https:\/\/www.pima-alarms.com\/es\/wp-json\/wp\/v2\/pages\/27445","targetHints":{"allow":["GET"]}}],"collection":[{"href":"https:\/\/www.pima-alarms.com\/es\/wp-json\/wp\/v2\/pages"}],"about":[{"href":"https:\/\/www.pima-alarms.com\/es\/wp-json\/wp\/v2\/types\/page"}],"author":[{"embeddable":true,"href":"https:\/\/www.pima-alarms.com\/es\/wp-json\/wp\/v2\/users\/1"}],"replies":[{"embeddable":true,"href":"https:\/\/www.pima-alarms.com\/es\/wp-json\/wp\/v2\/comments?post=27445"}],"version-history":[{"count":0,"href":"https:\/\/www.pima-alarms.com\/es\/wp-json\/wp\/v2\/pages\/27445\/revisions"}],"wp:attachment":[{"href":"https:\/\/www.pima-alarms.com\/es\/wp-json\/wp\/v2\/media?parent=27445"}],"curies":[{"name":"wp","href":"https:\/\/api.w.org\/{rel}","templated":true}]}}