{"id":47125,"date":"2023-05-24T14:45:53","date_gmt":"2023-05-24T11:45:53","guid":{"rendered":"https:\/\/www.pima-alarms.com\/acerca-de-pima-2\/"},"modified":"2023-05-24T14:45:53","modified_gmt":"2023-05-24T11:45:53","slug":"acerca-de-pima-2","status":"publish","type":"page","link":"https:\/\/www.pima-alarms.com\/es\/acerca-de-pima-2\/","title":{"rendered":"Acerca de PIMA"},"content":{"rendered":"<section class=\"section swatch-white  section-text-no-shadow section-inner-no-shadow section-normal section-opaque\"  data-label=\"\">\n    \n    <div class=\"background-overlay grid-overlay-0 \" style=\"background-color: rgba(0,0,0,0);\"><\/div>\n\n    <div class=\"container\">\n        <div class=\"row vertical-top\">\n            <div class=\"col-md-12     text-default small-screen-default\"  ><header class=\"text-right  element-medium-top element-no-bottom not-condensed os-animation\" data-os-animation=\"fadeInUp\" data-os-animation-delay=\"0s\" >\n    <h2 class=\"normal bold bordered bordered-normal\" >\n        PIMA Electronic Systems Ltd.    <\/h2>\n    <\/header>\n<div class=\"row \"><div class=\"col-md-8     text-default small-screen-default\"  ><div class=\" element-no-top element-short-bottom\" data-os-animation=\"none\" data-os-animation-delay=\"0s\">\n    <p>Con d\u00e9cadas de experiencia y millones de equipos instalados en todo el mundo, entendemos los sistemas de alarmas de seguridad desde adentro hacia afuera. Nuestros sistemas se han ganado una reputaci\u00f3n internacional por su confiabilidad, durabilidad y facilidad de operaci\u00f3n, y se venden a trav\u00e9s de nuestra red de distribuidores y representantes de ventas en todo el mundo.<\/p>\n<p>Fundada en 1989 y con sede en Israel, PIMA Electronic Systems es un desarrollador y fabricante l\u00edder en sistemas de alarma contra intrusi\u00f3n h\u00edbridos, cableados e inal\u00e1mbricos.<\/p>\n<p>Con una amplia cartera de productos desarrollada y ensamblada en la misma planta, PIMA satisface las necesidades de seguridad para cualquier tama\u00f1o y tipo de cliente, incluidas las instalaciones comerciales, industriales y residenciales. Los sistemas de alarma PIMA incluyen una amplia gama de perif\u00e9ricos cableados e inal\u00e1mbricos que se integran f\u00e1cilmente para adaptarse a las diversas necesidades de seguridad los clientes.<\/p>\n<p>PIMA se esfuerza constantemente en aplicar las m\u00e1s modernas tecnolog\u00edas a sus sistemas proveyendo paneles de control intuitivos, m\u00faltiples opciones de comunicaci\u00f3n que incluyen PSTN, SMS, GSM \/ GPRS, TCP \/ IP y radio de largo alcance, y diversos protocolos PSTN, radio y protocolos de alarma sobre IP. Los sistemas PIMA est\u00e1n respaldados por una aplicaci\u00f3n basada en la nube que permite su monitoreo y control remoto.<\/p>\n<p>Nuestros sistemas de alarma han sido dise\u00f1ados tomando en cuenta las necesidades de los centros de monitoreo, los instaladores y los usuarios finales, ofreci\u00e9ndoles una r\u00e1pida configuraci\u00f3n del sistema, un funcionamiento intuitivo y un m\u00ednimo mantenimiento continuo. La conveniencia se combina con el alto desempe\u00f1o en seguridad de alta calidad, garantizando un uso f\u00e1cil sin comprometer la satisfacci\u00f3n del cliente.<\/p>\n<\/div><\/div><div class=\"col-md-4     text-default small-screen-default\"  ><div class=\"figure  element-no-top element-short-bottom image-filter-none image-filter-onhover fade-in text-center figcaption-middle normalwidth\" data-os-animation=\"none\" data-os-animation-delay=\"0s\">\n            <span class=\"figure-image\">\n    \n    <img decoding=\"async\" src=\"https:\/\/www.pima-alarms.com\/wp-content\/uploads\/2017\/10\/Offices2.jpg\"   class=\"normalwidth\" \/>    \n            <\/span>\n    \n<\/div><div class=\"figure  element-no-top element-short-bottom image-filter-none image-filter-onhover fade-in text-center figcaption-middle normalwidth\" data-os-animation=\"none\" data-os-animation-delay=\"0s\">\n            <span class=\"figure-image\">\n    \n    <img decoding=\"async\" src=\"https:\/\/www.pima-alarms.com\/wp-content\/uploads\/ALH_0782_s.jpg\"   class=\"normalwidth\" \/>    \n            <\/span>\n    \n<\/div><\/div><\/div><\/div>        <\/div>\n    <\/div>\n<\/section>\n<section class=\"section swatch-gray home-why-pima section-text-no-shadow section-inner-no-shadow section-normal section-opaque\" id=\"why-pima\"  data-label=\"\">\n    \n    <div class=\"background-overlay grid-overlay-0 \" style=\"background-color: rgba(0,0,0,0);\"><\/div>\n\n    <div class=\"container\">\n        <div class=\"row vertical-top\">\n            <div class=\"col-md-12     text-default small-screen-default\"  ><header class=\"text-center  element-normal-top element-no-bottom not-condensed\" data-os-animation=\"none\" data-os-animation-delay=\"0s\" >\n    <h2 class=\"normal bold bordered bordered-normal\" >\n        \u00bfPOR QU\u00c9 COMPRAR PRODUCTOS PIMA?    <\/h2>\n    <\/header>\n<div class=\"row \"><div class=\"col-md-4     text-default small-screen-default\"  ><div class=\"figure  element-short-top element-medium-bottom image-filter-none image-filter-onhover fade-in text-center figcaption-middle normalwidth\" data-os-animation=\"none\" data-os-animation-delay=\"0s\">\n            <span class=\"figure-image\">\n    \n    <img decoding=\"async\" src=\"https:\/\/www.pima-alarms.com\/wp-content\/uploads\/2017\/home-icon1.png\"   class=\"normalwidth\" \/>    \n            <\/span>\n    \n    <div class=\"figure-caption text-center\">\n        <h3 class=\"figure-caption-title bordered bordered-small \">\n                        Soluciones integrales de seguridad                    <\/h3>\n        <p class=\"figure-caption-description\">PIMA ofrece soluciones completas y avanzadas en alarmas contra intrusi\u00f3n, para una amplia gama de clientes, incluyendo distribuidores, instaladores, Estaciones Centrales de Monitoreo y usuarios. La flexibilidad del sistema permite una f\u00e1cil expansi\u00f3n e integraci\u00f3n de nuevos elementos seg\u00fan sea necesario<\/p>\n    <\/div>\n<\/div><\/div><div class=\"col-md-4     text-default small-screen-default\"  ><div class=\"figure  element-short-top element-medium-bottom image-filter-none image-filter-onhover fade-in text-center figcaption-middle normalwidth\" data-os-animation=\"none\" data-os-animation-delay=\"0s\">\n            <span class=\"figure-image\">\n    \n    <img decoding=\"async\" src=\"https:\/\/www.pima-alarms.com\/wp-content\/uploads\/2017\/home-icon2.png\"   class=\"normalwidth\" \/>    \n            <\/span>\n    \n    <div class=\"figure-caption text-center\">\n        <h3 class=\"figure-caption-title bordered bordered-small \">\n                        M\u00e1s de 10 millones de sistemas instalados globalmente                    <\/h3>\n        <p class=\"figure-caption-description\">La gama de productos de seguridad de PIMA se puede encontrar en 50 pa\u00edses en todo el mundo. Una red de los mejores y m\u00e1s profesionales distribuidores garantiza la entrega y r\u00e1pida instalaci\u00f3n de nuestros sistemas, cada uno especialmente personalizado para satisfacer las necesidades de seguridad espec\u00edficas del cliente<\/p>\n    <\/div>\n<\/div><\/div><div class=\"col-md-4     text-default small-screen-default\"  ><div class=\"figure  element-short-top element-medium-bottom image-filter-none image-filter-onhover fade-in text-center figcaption-middle normalwidth\" data-os-animation=\"none\" data-os-animation-delay=\"0s\">\n            <span class=\"figure-image\">\n    \n    <img decoding=\"async\" src=\"https:\/\/www.pima-alarms.com\/wp-content\/uploads\/2017\/home-icon3.png\"   class=\"normalwidth\" \/>    \n            <\/span>\n    \n    <div class=\"figure-caption text-center\">\n        <h3 class=\"figure-caption-title bordered bordered-small \">\n                        Comprometidos con la fiabilidad y facilidad de uso del sistema                    <\/h3>\n        <p class=\"figure-caption-description\">Conocidos por su escalabilidad y durabilidad, los sistemas PIMA se desarrollan y ensamblan en la empresa para garantizar la robustez del producto, la facilidad de operaci\u00f3n y el m\u00ednimo mantenimiento. La instalaci\u00f3n inicial es simple y r\u00e1pida, y su manejo intuitivo es una gran ventaja para el cliente<\/p>\n    <\/div>\n<\/div><\/div><\/div><\/div>        <\/div>\n    <\/div>\n<\/section>\n<section class=\"section swatch-white-red our-team section-text-no-shadow section-inner-no-shadow section-normal section-opaque\"  data-label=\"\">\n    \n    <div class=\"background-overlay grid-overlay-0 \" style=\"background-color: ;\"><\/div>\n\n    <div class=\"container\">\n        <div class=\"row vertical-top\">\n            <div class=\"col-md-12     text-default small-screen-default\"  ><div class=\"row mgt-seperator\"><div class=\"col-md-12     text-default small-screen-default\"  ><\/div><\/div><\/div>        <\/div>\n    <\/div>\n<\/section>\n<section class=\"section swatch-white-red newsletter section-text-shadow section-inner-shadow section-normal section-opaque\"  data-label=\"\">\n            <div class=\"background-media\" style=\"background-image: url('https:\/\/www.pima-alarms.com\/wp-content\/uploads\/2017\/newsletter-back.jpg'); background-repeat:no-repeat; background-size:cover; background-attachment:fixed; background-position: 50% -2%;\" data-start=\"background-position: 50% 0px\" data-60-top-bottom=\"background-position: 50% 150px\">\n                    <\/div>\n    \n    <div class=\"background-overlay grid-overlay-30 \" style=\"background-color: rgba(0,0,0,0.5);\"><\/div>\n\n    <div class=\"container\">\n        <div class=\"row vertical-middle\">\n            <div class=\"col-md-12     text-center small-screen-default\"  ><header class=\"text-center  element-no-top element-short-bottom not-condensed os-animation\" data-os-animation=\"fadeInDown\" data-os-animation-delay=\"0s\" >\n    <h3 class=\"big bold no-bordered-header bordered-normal\" >\n        MANT\u00c9NGASE INFORMADO    <\/h3>\n            <p class=\"normal\" >Suscr\u00edbase a nuestra lista de correos<\/p>\n    <\/header>\n<p class=\"wpcf7-contact-form-not-found\"><strong>Error:<\/strong> Formulario de contacto no encontrado.<\/p><\/div>        <\/div>\n    <\/div>\n<\/section>\n<section class=\"section swatch-gray cta-bottom section-text-no-shadow section-inner-no-shadow section-normal section-opaque\"  data-label=\"\">\n    \n    <div class=\"background-overlay grid-overlay-0 \" style=\"background-color: rgba(233,233,233,1);\"><\/div>\n\n    <div class=\"container\">\n        <div class=\"row vertical-top\">\n            <div class=\"col-md-12     text-default small-screen-default\"  ><header class=\"text-center  element-medium-top element-medium-bottom not-condensed os-animation\" data-os-animation=\"fadeInLeft\" data-os-animation-delay=\"0s\" >\n    <h4 class=\"normal regular no-bordered-header bordered-normal\" >\n        Queremos saber su opini\u00f3n    <\/h4>\n    <\/header>\n<a href=\"https:\/\/www.pima-alarms.com\/he\/%D7%A6%D7%95%D7%A8-%D7%A7%D7%A9%D7%A8\/\" class=\"btn btn-default btn-lg    element-medium-top element-medium-bottom os-animation\" target= \"_self\" data-os-animation=\"fadeInRight\" data-os-animation-delay=\"0s \"  >\n\tCont\u00e1ctenos \t<\/a>\n<\/div>        <\/div>\n    <\/div>\n<\/section>\n","protected":false},"excerpt":{"rendered":"PIMA Electronic Systems Ltd. Con d\u00e9cadas de experiencia y millones de equipos instalados en todo el mundo, entendemos los sistemas de alarmas de seguridad desde adentro hacia afuera. Nuestros sistemas se han ganado una reputaci\u00f3n internacional por su confiabilidad, durabilidad y facilidad de operaci\u00f3n, y se venden a trav\u00e9s de nuestra red de distribuidores y","protected":false},"author":1,"featured_media":0,"parent":0,"menu_order":68,"comment_status":"closed","ping_status":"closed","template":"","meta":{"_acf_changed":false,"footnotes":""},"class_list":["post-47125","page","type-page","status-publish","hentry"],"acf":[],"yoast_head":"<!-- This site is optimized with the Yoast SEO plugin v27.5 - https:\/\/yoast.com\/product\/yoast-seo-wordpress\/ -->\n<title>Acerca de PIMA - Pima Electronic Systems<\/title>\n<meta name=\"description\" content=\"\u05e4\u05d9\u05de\u05d0 \u05de\u05e2\u05e8\u05db\u05d5\u05ea \u05d0\u05dc\u05e7\u05d8\u05e8\u05d5\u05e0\u05d9\u05d5\u05ea \u05de\u05e4\u05ea\u05d7\u05ea, \u05de\u05d9\u05d9\u05e6\u05e8\u05ea \u05d5\u05de\u05e9\u05d5\u05d5\u05e7\u05ea \u05de\u05e2\u05e8\u05db\u05d5\u05ea \u05d0\u05d6\u05e2\u05e7\u05d4 \u05e7\u05d5\u05d5\u05d9\u05d5\u05ea, \u05d5\u05d4\u05d9\u05d1\u05e8\u05d9\u05d3\u05d9\u05d5\u05ea \u05de\u05e9\u05d5\u05dc\u05d1\u05d5\u05ea \u05d0\u05dc\u05d7\u05d5\u05d8 \u05de\u05ea\u05e7\u05d3\u05de\u05d5\u05ea, \u05d9\u05d3\u05d9\u05d3\u05d5\u05ea\u05d9\u05d5\u05ea \u05dc\u05de\u05ea\u05e7\u05d9\u05df \u05d5\u05dc\u05de\u05e9\u05ea\u05de\u05e9 \u05d5\u05d1\u05e2\u05dc\u05d5\u05ea \u05e8\u05de\u05ea \u05d0\u05de\u05d9\u05e0\u05d5\u05ea \u05de\u05e7\u05e1\u05d9\u05de\u05dc\u05d9\u05ea. \u05de\u05d5\u05e6\u05e8\u05d9 \u05e4\u05d9\u05de\u05d0 \u05de\u05ea\u05d0\u05d9\u05de\u05d9\u05dd \u05dc\u05db\u05dc \u05e1\u05d5\u05d2\u05d9 \u05d4\u05d4\u05ea\u05e7\u05e0\u05d5\u05ea, \u05d4\u05df \u05d1\u05de\u05d2\u05d6\u05e8 \u05d4\u05e2\u05e1\u05e7\u05d9 \u05d5\u05d4\u05df \u05d1\u05de\u05d2\u05d6\u05e8 \u05d4\u05e4\u05e8\u05d8\u05d9, \u05ea\u05d5\u05d3\u05d5\u05ea \u05dc\u05d2\u05de\u05d9\u05e9\u05d5\u05ea \u05d4\u05de\u05e2\u05e8\u05db\u05d5\u05ea \u05d5\u05d4\u05d9\u05db\u05d5\u05dc\u05ea \u05dc\u05d4\u05e8\u05d7\u05d9\u05d1\u05df \u05dc\u05e4\u05d9 \u05d4\u05e6\u05d5\u05e8\u05da. \u05db\u05e0\u05e1\u05d5 \u05dc\u05e7\u05e8\u05d5\u05d0 \u05e2\u05dc \u05d4\u05d7\u05d1\u05e8\u05d4\" \/>\n<meta name=\"robots\" content=\"index, follow, max-snippet:-1, max-image-preview:large, max-video-preview:-1\" \/>\n<link rel=\"canonical\" href=\"https:\/\/www.pima-alarms.com\/es\/acerca-de-pima-2\/\" \/>\n<meta property=\"og:locale\" content=\"es_ES\" \/>\n<meta property=\"og:type\" content=\"article\" \/>\n<meta property=\"og:title\" content=\"Acerca de PIMA - Pima Electronic Systems\" \/>\n<meta property=\"og:description\" content=\"\u05e4\u05d9\u05de\u05d0 \u05de\u05e2\u05e8\u05db\u05d5\u05ea \u05d0\u05dc\u05e7\u05d8\u05e8\u05d5\u05e0\u05d9\u05d5\u05ea \u05de\u05e4\u05ea\u05d7\u05ea, \u05de\u05d9\u05d9\u05e6\u05e8\u05ea \u05d5\u05de\u05e9\u05d5\u05d5\u05e7\u05ea \u05de\u05e2\u05e8\u05db\u05d5\u05ea \u05d0\u05d6\u05e2\u05e7\u05d4 \u05e7\u05d5\u05d5\u05d9\u05d5\u05ea, \u05d5\u05d4\u05d9\u05d1\u05e8\u05d9\u05d3\u05d9\u05d5\u05ea \u05de\u05e9\u05d5\u05dc\u05d1\u05d5\u05ea \u05d0\u05dc\u05d7\u05d5\u05d8 \u05de\u05ea\u05e7\u05d3\u05de\u05d5\u05ea, \u05d9\u05d3\u05d9\u05d3\u05d5\u05ea\u05d9\u05d5\u05ea \u05dc\u05de\u05ea\u05e7\u05d9\u05df \u05d5\u05dc\u05de\u05e9\u05ea\u05de\u05e9 \u05d5\u05d1\u05e2\u05dc\u05d5\u05ea \u05e8\u05de\u05ea \u05d0\u05de\u05d9\u05e0\u05d5\u05ea \u05de\u05e7\u05e1\u05d9\u05de\u05dc\u05d9\u05ea. \u05de\u05d5\u05e6\u05e8\u05d9 \u05e4\u05d9\u05de\u05d0 \u05de\u05ea\u05d0\u05d9\u05de\u05d9\u05dd \u05dc\u05db\u05dc \u05e1\u05d5\u05d2\u05d9 \u05d4\u05d4\u05ea\u05e7\u05e0\u05d5\u05ea, \u05d4\u05df \u05d1\u05de\u05d2\u05d6\u05e8 \u05d4\u05e2\u05e1\u05e7\u05d9 \u05d5\u05d4\u05df \u05d1\u05de\u05d2\u05d6\u05e8 \u05d4\u05e4\u05e8\u05d8\u05d9, \u05ea\u05d5\u05d3\u05d5\u05ea \u05dc\u05d2\u05de\u05d9\u05e9\u05d5\u05ea \u05d4\u05de\u05e2\u05e8\u05db\u05d5\u05ea \u05d5\u05d4\u05d9\u05db\u05d5\u05dc\u05ea \u05dc\u05d4\u05e8\u05d7\u05d9\u05d1\u05df \u05dc\u05e4\u05d9 \u05d4\u05e6\u05d5\u05e8\u05da. \u05db\u05e0\u05e1\u05d5 \u05dc\u05e7\u05e8\u05d5\u05d0 \u05e2\u05dc \u05d4\u05d7\u05d1\u05e8\u05d4\" \/>\n<meta property=\"og:url\" content=\"https:\/\/www.pima-alarms.com\/es\/acerca-de-pima-2\/\" \/>\n<meta property=\"og:site_name\" content=\"Pima Electronic Systems\" \/>\n<meta name=\"twitter:card\" content=\"summary_large_image\" \/>\n<meta name=\"twitter:label1\" content=\"Tiempo de lectura\" \/>\n\t<meta name=\"twitter:data1\" content=\"3 minutos\" \/>\n<script type=\"application\/ld+json\" class=\"yoast-schema-graph\">{\"@context\":\"https:\\\/\\\/schema.org\",\"@graph\":[{\"@type\":\"WebPage\",\"@id\":\"https:\\\/\\\/www.pima-alarms.com\\\/es\\\/acerca-de-pima-2\\\/\",\"url\":\"https:\\\/\\\/www.pima-alarms.com\\\/es\\\/acerca-de-pima-2\\\/\",\"name\":\"Acerca de PIMA - Pima Electronic Systems\",\"isPartOf\":{\"@id\":\"https:\\\/\\\/www.pima-alarms.com\\\/es\\\/#website\"},\"datePublished\":\"2023-05-24T11:45:53+00:00\",\"description\":\"\u05e4\u05d9\u05de\u05d0 \u05de\u05e2\u05e8\u05db\u05d5\u05ea \u05d0\u05dc\u05e7\u05d8\u05e8\u05d5\u05e0\u05d9\u05d5\u05ea \u05de\u05e4\u05ea\u05d7\u05ea, \u05de\u05d9\u05d9\u05e6\u05e8\u05ea \u05d5\u05de\u05e9\u05d5\u05d5\u05e7\u05ea \u05de\u05e2\u05e8\u05db\u05d5\u05ea \u05d0\u05d6\u05e2\u05e7\u05d4 \u05e7\u05d5\u05d5\u05d9\u05d5\u05ea, \u05d5\u05d4\u05d9\u05d1\u05e8\u05d9\u05d3\u05d9\u05d5\u05ea \u05de\u05e9\u05d5\u05dc\u05d1\u05d5\u05ea \u05d0\u05dc\u05d7\u05d5\u05d8 \u05de\u05ea\u05e7\u05d3\u05de\u05d5\u05ea, \u05d9\u05d3\u05d9\u05d3\u05d5\u05ea\u05d9\u05d5\u05ea \u05dc\u05de\u05ea\u05e7\u05d9\u05df \u05d5\u05dc\u05de\u05e9\u05ea\u05de\u05e9 \u05d5\u05d1\u05e2\u05dc\u05d5\u05ea \u05e8\u05de\u05ea \u05d0\u05de\u05d9\u05e0\u05d5\u05ea \u05de\u05e7\u05e1\u05d9\u05de\u05dc\u05d9\u05ea. \u05de\u05d5\u05e6\u05e8\u05d9 \u05e4\u05d9\u05de\u05d0 \u05de\u05ea\u05d0\u05d9\u05de\u05d9\u05dd \u05dc\u05db\u05dc \u05e1\u05d5\u05d2\u05d9 \u05d4\u05d4\u05ea\u05e7\u05e0\u05d5\u05ea, \u05d4\u05df \u05d1\u05de\u05d2\u05d6\u05e8 \u05d4\u05e2\u05e1\u05e7\u05d9 \u05d5\u05d4\u05df \u05d1\u05de\u05d2\u05d6\u05e8 \u05d4\u05e4\u05e8\u05d8\u05d9, \u05ea\u05d5\u05d3\u05d5\u05ea \u05dc\u05d2\u05de\u05d9\u05e9\u05d5\u05ea \u05d4\u05de\u05e2\u05e8\u05db\u05d5\u05ea \u05d5\u05d4\u05d9\u05db\u05d5\u05dc\u05ea \u05dc\u05d4\u05e8\u05d7\u05d9\u05d1\u05df \u05dc\u05e4\u05d9 \u05d4\u05e6\u05d5\u05e8\u05da. \u05db\u05e0\u05e1\u05d5 \u05dc\u05e7\u05e8\u05d5\u05d0 \u05e2\u05dc \u05d4\u05d7\u05d1\u05e8\u05d4\",\"breadcrumb\":{\"@id\":\"https:\\\/\\\/www.pima-alarms.com\\\/es\\\/acerca-de-pima-2\\\/#breadcrumb\"},\"inLanguage\":\"es\",\"potentialAction\":[{\"@type\":\"ReadAction\",\"target\":[\"https:\\\/\\\/www.pima-alarms.com\\\/es\\\/acerca-de-pima-2\\\/\"]}]},{\"@type\":\"BreadcrumbList\",\"@id\":\"https:\\\/\\\/www.pima-alarms.com\\\/es\\\/acerca-de-pima-2\\\/#breadcrumb\",\"itemListElement\":[{\"@type\":\"ListItem\",\"position\":1,\"name\":\"Home\",\"item\":\"https:\\\/\\\/www.pima-alarms.com\\\/es\\\/\"},{\"@type\":\"ListItem\",\"position\":2,\"name\":\"Acerca de PIMA\"}]},{\"@type\":\"WebSite\",\"@id\":\"https:\\\/\\\/www.pima-alarms.com\\\/es\\\/#website\",\"url\":\"https:\\\/\\\/www.pima-alarms.com\\\/es\\\/\",\"name\":\"Pima Electronic Systems\",\"description\":\"Intruder Alarm Systems and CMS Software Company\",\"potentialAction\":[{\"@type\":\"SearchAction\",\"target\":{\"@type\":\"EntryPoint\",\"urlTemplate\":\"https:\\\/\\\/www.pima-alarms.com\\\/es\\\/?s={search_term_string}\"},\"query-input\":{\"@type\":\"PropertyValueSpecification\",\"valueRequired\":true,\"valueName\":\"search_term_string\"}}],\"inLanguage\":\"es\"}]}<\/script>\n<!-- \/ Yoast SEO plugin. -->","yoast_head_json":{"title":"Acerca de PIMA - Pima Electronic Systems","description":"\u05e4\u05d9\u05de\u05d0 \u05de\u05e2\u05e8\u05db\u05d5\u05ea \u05d0\u05dc\u05e7\u05d8\u05e8\u05d5\u05e0\u05d9\u05d5\u05ea \u05de\u05e4\u05ea\u05d7\u05ea, \u05de\u05d9\u05d9\u05e6\u05e8\u05ea \u05d5\u05de\u05e9\u05d5\u05d5\u05e7\u05ea \u05de\u05e2\u05e8\u05db\u05d5\u05ea \u05d0\u05d6\u05e2\u05e7\u05d4 \u05e7\u05d5\u05d5\u05d9\u05d5\u05ea, \u05d5\u05d4\u05d9\u05d1\u05e8\u05d9\u05d3\u05d9\u05d5\u05ea \u05de\u05e9\u05d5\u05dc\u05d1\u05d5\u05ea \u05d0\u05dc\u05d7\u05d5\u05d8 \u05de\u05ea\u05e7\u05d3\u05de\u05d5\u05ea, \u05d9\u05d3\u05d9\u05d3\u05d5\u05ea\u05d9\u05d5\u05ea \u05dc\u05de\u05ea\u05e7\u05d9\u05df \u05d5\u05dc\u05de\u05e9\u05ea\u05de\u05e9 \u05d5\u05d1\u05e2\u05dc\u05d5\u05ea \u05e8\u05de\u05ea \u05d0\u05de\u05d9\u05e0\u05d5\u05ea \u05de\u05e7\u05e1\u05d9\u05de\u05dc\u05d9\u05ea. \u05de\u05d5\u05e6\u05e8\u05d9 \u05e4\u05d9\u05de\u05d0 \u05de\u05ea\u05d0\u05d9\u05de\u05d9\u05dd \u05dc\u05db\u05dc \u05e1\u05d5\u05d2\u05d9 \u05d4\u05d4\u05ea\u05e7\u05e0\u05d5\u05ea, \u05d4\u05df \u05d1\u05de\u05d2\u05d6\u05e8 \u05d4\u05e2\u05e1\u05e7\u05d9 \u05d5\u05d4\u05df \u05d1\u05de\u05d2\u05d6\u05e8 \u05d4\u05e4\u05e8\u05d8\u05d9, \u05ea\u05d5\u05d3\u05d5\u05ea \u05dc\u05d2\u05de\u05d9\u05e9\u05d5\u05ea \u05d4\u05de\u05e2\u05e8\u05db\u05d5\u05ea \u05d5\u05d4\u05d9\u05db\u05d5\u05dc\u05ea \u05dc\u05d4\u05e8\u05d7\u05d9\u05d1\u05df \u05dc\u05e4\u05d9 \u05d4\u05e6\u05d5\u05e8\u05da. \u05db\u05e0\u05e1\u05d5 \u05dc\u05e7\u05e8\u05d5\u05d0 \u05e2\u05dc \u05d4\u05d7\u05d1\u05e8\u05d4","robots":{"index":"index","follow":"follow","max-snippet":"max-snippet:-1","max-image-preview":"max-image-preview:large","max-video-preview":"max-video-preview:-1"},"canonical":"https:\/\/www.pima-alarms.com\/es\/acerca-de-pima-2\/","og_locale":"es_ES","og_type":"article","og_title":"Acerca de PIMA - Pima Electronic Systems","og_description":"\u05e4\u05d9\u05de\u05d0 \u05de\u05e2\u05e8\u05db\u05d5\u05ea \u05d0\u05dc\u05e7\u05d8\u05e8\u05d5\u05e0\u05d9\u05d5\u05ea \u05de\u05e4\u05ea\u05d7\u05ea, \u05de\u05d9\u05d9\u05e6\u05e8\u05ea \u05d5\u05de\u05e9\u05d5\u05d5\u05e7\u05ea \u05de\u05e2\u05e8\u05db\u05d5\u05ea \u05d0\u05d6\u05e2\u05e7\u05d4 \u05e7\u05d5\u05d5\u05d9\u05d5\u05ea, \u05d5\u05d4\u05d9\u05d1\u05e8\u05d9\u05d3\u05d9\u05d5\u05ea \u05de\u05e9\u05d5\u05dc\u05d1\u05d5\u05ea \u05d0\u05dc\u05d7\u05d5\u05d8 \u05de\u05ea\u05e7\u05d3\u05de\u05d5\u05ea, \u05d9\u05d3\u05d9\u05d3\u05d5\u05ea\u05d9\u05d5\u05ea \u05dc\u05de\u05ea\u05e7\u05d9\u05df \u05d5\u05dc\u05de\u05e9\u05ea\u05de\u05e9 \u05d5\u05d1\u05e2\u05dc\u05d5\u05ea \u05e8\u05de\u05ea \u05d0\u05de\u05d9\u05e0\u05d5\u05ea \u05de\u05e7\u05e1\u05d9\u05de\u05dc\u05d9\u05ea. \u05de\u05d5\u05e6\u05e8\u05d9 \u05e4\u05d9\u05de\u05d0 \u05de\u05ea\u05d0\u05d9\u05de\u05d9\u05dd \u05dc\u05db\u05dc \u05e1\u05d5\u05d2\u05d9 \u05d4\u05d4\u05ea\u05e7\u05e0\u05d5\u05ea, \u05d4\u05df \u05d1\u05de\u05d2\u05d6\u05e8 \u05d4\u05e2\u05e1\u05e7\u05d9 \u05d5\u05d4\u05df \u05d1\u05de\u05d2\u05d6\u05e8 \u05d4\u05e4\u05e8\u05d8\u05d9, \u05ea\u05d5\u05d3\u05d5\u05ea \u05dc\u05d2\u05de\u05d9\u05e9\u05d5\u05ea \u05d4\u05de\u05e2\u05e8\u05db\u05d5\u05ea \u05d5\u05d4\u05d9\u05db\u05d5\u05dc\u05ea \u05dc\u05d4\u05e8\u05d7\u05d9\u05d1\u05df \u05dc\u05e4\u05d9 \u05d4\u05e6\u05d5\u05e8\u05da. \u05db\u05e0\u05e1\u05d5 \u05dc\u05e7\u05e8\u05d5\u05d0 \u05e2\u05dc \u05d4\u05d7\u05d1\u05e8\u05d4","og_url":"https:\/\/www.pima-alarms.com\/es\/acerca-de-pima-2\/","og_site_name":"Pima Electronic Systems","twitter_card":"summary_large_image","twitter_misc":{"Tiempo de lectura":"3 minutos"},"schema":{"@context":"https:\/\/schema.org","@graph":[{"@type":"WebPage","@id":"https:\/\/www.pima-alarms.com\/es\/acerca-de-pima-2\/","url":"https:\/\/www.pima-alarms.com\/es\/acerca-de-pima-2\/","name":"Acerca de PIMA - Pima Electronic Systems","isPartOf":{"@id":"https:\/\/www.pima-alarms.com\/es\/#website"},"datePublished":"2023-05-24T11:45:53+00:00","description":"\u05e4\u05d9\u05de\u05d0 \u05de\u05e2\u05e8\u05db\u05d5\u05ea \u05d0\u05dc\u05e7\u05d8\u05e8\u05d5\u05e0\u05d9\u05d5\u05ea \u05de\u05e4\u05ea\u05d7\u05ea, \u05de\u05d9\u05d9\u05e6\u05e8\u05ea \u05d5\u05de\u05e9\u05d5\u05d5\u05e7\u05ea \u05de\u05e2\u05e8\u05db\u05d5\u05ea \u05d0\u05d6\u05e2\u05e7\u05d4 \u05e7\u05d5\u05d5\u05d9\u05d5\u05ea, \u05d5\u05d4\u05d9\u05d1\u05e8\u05d9\u05d3\u05d9\u05d5\u05ea \u05de\u05e9\u05d5\u05dc\u05d1\u05d5\u05ea \u05d0\u05dc\u05d7\u05d5\u05d8 \u05de\u05ea\u05e7\u05d3\u05de\u05d5\u05ea, \u05d9\u05d3\u05d9\u05d3\u05d5\u05ea\u05d9\u05d5\u05ea \u05dc\u05de\u05ea\u05e7\u05d9\u05df \u05d5\u05dc\u05de\u05e9\u05ea\u05de\u05e9 \u05d5\u05d1\u05e2\u05dc\u05d5\u05ea \u05e8\u05de\u05ea \u05d0\u05de\u05d9\u05e0\u05d5\u05ea \u05de\u05e7\u05e1\u05d9\u05de\u05dc\u05d9\u05ea. \u05de\u05d5\u05e6\u05e8\u05d9 \u05e4\u05d9\u05de\u05d0 \u05de\u05ea\u05d0\u05d9\u05de\u05d9\u05dd \u05dc\u05db\u05dc \u05e1\u05d5\u05d2\u05d9 \u05d4\u05d4\u05ea\u05e7\u05e0\u05d5\u05ea, \u05d4\u05df \u05d1\u05de\u05d2\u05d6\u05e8 \u05d4\u05e2\u05e1\u05e7\u05d9 \u05d5\u05d4\u05df \u05d1\u05de\u05d2\u05d6\u05e8 \u05d4\u05e4\u05e8\u05d8\u05d9, \u05ea\u05d5\u05d3\u05d5\u05ea \u05dc\u05d2\u05de\u05d9\u05e9\u05d5\u05ea \u05d4\u05de\u05e2\u05e8\u05db\u05d5\u05ea \u05d5\u05d4\u05d9\u05db\u05d5\u05dc\u05ea \u05dc\u05d4\u05e8\u05d7\u05d9\u05d1\u05df \u05dc\u05e4\u05d9 \u05d4\u05e6\u05d5\u05e8\u05da. \u05db\u05e0\u05e1\u05d5 \u05dc\u05e7\u05e8\u05d5\u05d0 \u05e2\u05dc \u05d4\u05d7\u05d1\u05e8\u05d4","breadcrumb":{"@id":"https:\/\/www.pima-alarms.com\/es\/acerca-de-pima-2\/#breadcrumb"},"inLanguage":"es","potentialAction":[{"@type":"ReadAction","target":["https:\/\/www.pima-alarms.com\/es\/acerca-de-pima-2\/"]}]},{"@type":"BreadcrumbList","@id":"https:\/\/www.pima-alarms.com\/es\/acerca-de-pima-2\/#breadcrumb","itemListElement":[{"@type":"ListItem","position":1,"name":"Home","item":"https:\/\/www.pima-alarms.com\/es\/"},{"@type":"ListItem","position":2,"name":"Acerca de PIMA"}]},{"@type":"WebSite","@id":"https:\/\/www.pima-alarms.com\/es\/#website","url":"https:\/\/www.pima-alarms.com\/es\/","name":"Pima Electronic Systems","description":"Intruder Alarm Systems and CMS Software Company","potentialAction":[{"@type":"SearchAction","target":{"@type":"EntryPoint","urlTemplate":"https:\/\/www.pima-alarms.com\/es\/?s={search_term_string}"},"query-input":{"@type":"PropertyValueSpecification","valueRequired":true,"valueName":"search_term_string"}}],"inLanguage":"es"}]}},"_links":{"self":[{"href":"https:\/\/www.pima-alarms.com\/es\/wp-json\/wp\/v2\/pages\/47125","targetHints":{"allow":["GET"]}}],"collection":[{"href":"https:\/\/www.pima-alarms.com\/es\/wp-json\/wp\/v2\/pages"}],"about":[{"href":"https:\/\/www.pima-alarms.com\/es\/wp-json\/wp\/v2\/types\/page"}],"author":[{"embeddable":true,"href":"https:\/\/www.pima-alarms.com\/es\/wp-json\/wp\/v2\/users\/1"}],"replies":[{"embeddable":true,"href":"https:\/\/www.pima-alarms.com\/es\/wp-json\/wp\/v2\/comments?post=47125"}],"version-history":[{"count":0,"href":"https:\/\/www.pima-alarms.com\/es\/wp-json\/wp\/v2\/pages\/47125\/revisions"}],"wp:attachment":[{"href":"https:\/\/www.pima-alarms.com\/es\/wp-json\/wp\/v2\/media?parent=47125"}],"curies":[{"name":"wp","href":"https:\/\/api.w.org\/{rel}","templated":true}]}}